{"id":11692,"date":"2026-03-04T14:52:44","date_gmt":"2026-03-04T14:52:44","guid":{"rendered":"https:\/\/www.istpack.com\/?page_id=11692"},"modified":"2026-03-31T14:49:19","modified_gmt":"2026-03-31T11:49:19","slug":"tekstil-ve-hediye-kutulari","status":"publish","type":"page","link":"https:\/\/www.istpack.com\/es\/urunler\/tekstil-ve-hediye-kutulari\/","title":{"rendered":"Tekstil ve Hediye Kutular\u0131"},"content":{"rendered":"<div data-elementor-type=\"wp-page\" data-elementor-id=\"11692\" class=\"elementor elementor-11692\" data-elementor-post-type=\"page\">\n\t\t\t\t<div class=\"elementor-element elementor-element-159db509 e-flex e-con-boxed e-con e-parent\" data-id=\"159db509\" data-element_type=\"container\" data-e-type=\"container\">\n\t\t\t\t\t<div class=\"e-con-inner\">\n\t\t<div class=\"elementor-element elementor-element-2f65373b e-con-full e-flex e-con e-child\" data-id=\"2f65373b\" data-element_type=\"container\" data-e-type=\"container\">\n\t\t<div class=\"elementor-element elementor-element-988e032 e-con-full e-flex elementor-invisible e-con e-child\" data-id=\"988e032\" data-element_type=\"container\" data-e-type=\"container\" data-settings=\"{&quot;animation&quot;:&quot;fadeInUp&quot;}\">\n\t\t\t\t<div class=\"elementor-element elementor-element-6dd7f68e at-shiny-glass-effect at-image-animation at-animation-image-none elementor-widget elementor-widget-image\" data-id=\"6dd7f68e\" data-element_type=\"widget\" data-e-type=\"widget\" data-settings=\"{&quot;ekit_we_effect_on&quot;:&quot;none&quot;}\" data-widget_type=\"image.default\">\n\t\t\t\t\t\t\t\t\t\t\t\t\t\t\t\t<a href=\"https:\/\/www.istpack.com\/es\/zarf-hediye-kutusu\/\">\n\t\t\t\t\t\t\t<img fetchpriority=\"high\" decoding=\"async\" width=\"2560\" height=\"2560\" src=\"https:\/\/www.istpack.com\/wp-content\/uploads\/2026\/03\/ZARF-HEDIYE-KUTUSU-2-scaled.jpg\" class=\"attachment-full size-full wp-image-11362\" alt=\"\" srcset=\"https:\/\/www.istpack.com\/wp-content\/uploads\/2026\/03\/ZARF-HEDIYE-KUTUSU-2-scaled.jpg 2560w, https:\/\/www.istpack.com\/wp-content\/uploads\/2026\/03\/ZARF-HEDIYE-KUTUSU-2-300x300.jpg 300w, https:\/\/www.istpack.com\/wp-content\/uploads\/2026\/03\/ZARF-HEDIYE-KUTUSU-2-1024x1024.jpg 1024w, https:\/\/www.istpack.com\/wp-content\/uploads\/2026\/03\/ZARF-HEDIYE-KUTUSU-2-150x150.jpg 150w, https:\/\/www.istpack.com\/wp-content\/uploads\/2026\/03\/ZARF-HEDIYE-KUTUSU-2-768x768.jpg 768w, https:\/\/www.istpack.com\/wp-content\/uploads\/2026\/03\/ZARF-HEDIYE-KUTUSU-2-1536x1536.jpg 1536w, https:\/\/www.istpack.com\/wp-content\/uploads\/2026\/03\/ZARF-HEDIYE-KUTUSU-2-2048x2048.jpg 2048w\" sizes=\"(max-width: 2560px) 100vw, 2560px\" \/>\t\t\t\t\t\t\t\t<\/a>\n\t\t\t\t\t\t\t\t\t\t\t\t\t\t\t<\/div>\n\t\t\t\t<div class=\"elementor-element elementor-element-95eef43 elementor-absolute service-content elementor-widget elementor-widget-icon-box\" data-id=\"95eef43\" data-element_type=\"widget\" data-e-type=\"widget\" data-settings=\"{&quot;_position&quot;:&quot;absolute&quot;,&quot;ekit_we_effect_on&quot;:&quot;none&quot;}\" data-widget_type=\"icon-box.default\">\n\t\t\t\t\t\t\t<div class=\"elementor-icon-box-wrapper\">\n\n\t\t\t\n\t\t\t\t\t\t<div class=\"elementor-icon-box-content\">\n\n\t\t\t\t\t\t\t\t\t<h3 class=\"elementor-icon-box-title\">\n\t\t\t\t\t\t<a href=\"https:\/\/www.istpack.com\/es\/zarf-hediye-kutusu\/\" >\n\t\t\t\t\t\t\tZarf Hediye Kutusu\t\t\t\t\t\t<\/a>\n\t\t\t\t\t<\/h3>\n\t\t\t\t\n\t\t\t\t\n\t\t\t<\/div>\n\t\t\t\n\t\t<\/div>\n\t\t\t\t\t\t<\/div>\n\t\t\t\t<\/div>\n\t\t<div class=\"elementor-element elementor-element-6e883ac5 e-con-full e-flex elementor-invisible e-con e-child\" data-id=\"6e883ac5\" data-element_type=\"container\" data-e-type=\"container\" data-settings=\"{&quot;animation&quot;:&quot;fadeInUp&quot;,&quot;animation_delay&quot;:100}\">\n\t\t\t\t<div class=\"elementor-element elementor-element-5e412240 at-shiny-glass-effect at-image-animation at-animation-image-none elementor-widget elementor-widget-image\" data-id=\"5e412240\" data-element_type=\"widget\" data-e-type=\"widget\" data-settings=\"{&quot;ekit_we_effect_on&quot;:&quot;none&quot;}\" data-widget_type=\"image.default\">\n\t\t\t\t\t\t\t\t\t\t\t\t\t\t\t\t<a href=\"https:\/\/www.istpack.com\/es\/mekik-yastik-kutu\/\">\n\t\t\t\t\t\t\t<img decoding=\"async\" width=\"2560\" height=\"2560\" src=\"https:\/\/www.istpack.com\/wp-content\/uploads\/2026\/03\/MEKIK-YASTIK-KUTUSU-4-scaled.jpg\" class=\"attachment-full size-full wp-image-11370\" alt=\"\" srcset=\"https:\/\/www.istpack.com\/wp-content\/uploads\/2026\/03\/MEKIK-YASTIK-KUTUSU-4-scaled.jpg 2560w, https:\/\/www.istpack.com\/wp-content\/uploads\/2026\/03\/MEKIK-YASTIK-KUTUSU-4-300x300.jpg 300w, https:\/\/www.istpack.com\/wp-content\/uploads\/2026\/03\/MEKIK-YASTIK-KUTUSU-4-1024x1024.jpg 1024w, https:\/\/www.istpack.com\/wp-content\/uploads\/2026\/03\/MEKIK-YASTIK-KUTUSU-4-150x150.jpg 150w, https:\/\/www.istpack.com\/wp-content\/uploads\/2026\/03\/MEKIK-YASTIK-KUTUSU-4-768x768.jpg 768w, https:\/\/www.istpack.com\/wp-content\/uploads\/2026\/03\/MEKIK-YASTIK-KUTUSU-4-1536x1536.jpg 1536w, https:\/\/www.istpack.com\/wp-content\/uploads\/2026\/03\/MEKIK-YASTIK-KUTUSU-4-2048x2048.jpg 2048w\" sizes=\"(max-width: 2560px) 100vw, 2560px\" \/>\t\t\t\t\t\t\t\t<\/a>\n\t\t\t\t\t\t\t\t\t\t\t\t\t\t\t<\/div>\n\t\t\t\t<div class=\"elementor-element elementor-element-799acd0 elementor-absolute service-content elementor-widget elementor-widget-icon-box\" data-id=\"799acd0\" data-element_type=\"widget\" data-e-type=\"widget\" data-settings=\"{&quot;_position&quot;:&quot;absolute&quot;,&quot;ekit_we_effect_on&quot;:&quot;none&quot;}\" data-widget_type=\"icon-box.default\">\n\t\t\t\t\t\t\t<div class=\"elementor-icon-box-wrapper\">\n\n\t\t\t\n\t\t\t\t\t\t<div class=\"elementor-icon-box-content\">\n\n\t\t\t\t\t\t\t\t\t<h3 class=\"elementor-icon-box-title\">\n\t\t\t\t\t\t<a href=\"https:\/\/www.istpack.com\/es\/mekik-yastik-kutu\/\" >\n\t\t\t\t\t\t\tMekik Yast\u0131k Kutu\t\t\t\t\t\t<\/a>\n\t\t\t\t\t<\/h3>\n\t\t\t\t\n\t\t\t\t\n\t\t\t<\/div>\n\t\t\t\n\t\t<\/div>\n\t\t\t\t\t\t<\/div>\n\t\t\t\t<\/div>\n\t\t<div class=\"elementor-element elementor-element-96cabf7 e-con-full e-flex elementor-invisible e-con e-child\" data-id=\"96cabf7\" data-element_type=\"container\" data-e-type=\"container\" data-settings=\"{&quot;animation&quot;:&quot;fadeInUp&quot;,&quot;animation_delay&quot;:200}\">\n\t\t\t\t<div class=\"elementor-element elementor-element-75c1f348 at-shiny-glass-effect at-image-animation at-animation-image-none elementor-widget elementor-widget-image\" data-id=\"75c1f348\" data-element_type=\"widget\" data-e-type=\"widget\" data-settings=\"{&quot;ekit_we_effect_on&quot;:&quot;none&quot;}\" data-widget_type=\"image.default\">\n\t\t\t\t\t\t\t\t\t\t\t\t\t\t\t\t<a href=\"https:\/\/www.istpack.com\/es\/kapakli-hediye-kutusu\/\">\n\t\t\t\t\t\t\t<img decoding=\"async\" width=\"2560\" height=\"2560\" src=\"https:\/\/www.istpack.com\/wp-content\/uploads\/2026\/03\/KAPAKLI-HEDIYE-KUTUSU-2-scaled.jpg\" class=\"attachment-full size-full wp-image-11377\" alt=\"\" srcset=\"https:\/\/www.istpack.com\/wp-content\/uploads\/2026\/03\/KAPAKLI-HEDIYE-KUTUSU-2-scaled.jpg 2560w, https:\/\/www.istpack.com\/wp-content\/uploads\/2026\/03\/KAPAKLI-HEDIYE-KUTUSU-2-300x300.jpg 300w, https:\/\/www.istpack.com\/wp-content\/uploads\/2026\/03\/KAPAKLI-HEDIYE-KUTUSU-2-1024x1024.jpg 1024w, https:\/\/www.istpack.com\/wp-content\/uploads\/2026\/03\/KAPAKLI-HEDIYE-KUTUSU-2-150x150.jpg 150w, https:\/\/www.istpack.com\/wp-content\/uploads\/2026\/03\/KAPAKLI-HEDIYE-KUTUSU-2-768x768.jpg 768w, https:\/\/www.istpack.com\/wp-content\/uploads\/2026\/03\/KAPAKLI-HEDIYE-KUTUSU-2-1536x1536.jpg 1536w, https:\/\/www.istpack.com\/wp-content\/uploads\/2026\/03\/KAPAKLI-HEDIYE-KUTUSU-2-2048x2048.jpg 2048w\" sizes=\"(max-width: 2560px) 100vw, 2560px\" \/>\t\t\t\t\t\t\t\t<\/a>\n\t\t\t\t\t\t\t\t\t\t\t\t\t\t\t<\/div>\n\t\t\t\t<div class=\"elementor-element elementor-element-0e6fcff elementor-absolute service-content elementor-widget elementor-widget-icon-box\" data-id=\"0e6fcff\" data-element_type=\"widget\" data-e-type=\"widget\" data-settings=\"{&quot;_position&quot;:&quot;absolute&quot;,&quot;ekit_we_effect_on&quot;:&quot;none&quot;}\" data-widget_type=\"icon-box.default\">\n\t\t\t\t\t\t\t<div class=\"elementor-icon-box-wrapper\">\n\n\t\t\t\n\t\t\t\t\t\t<div class=\"elementor-icon-box-content\">\n\n\t\t\t\t\t\t\t\t\t<h3 class=\"elementor-icon-box-title\">\n\t\t\t\t\t\t<a href=\"https:\/\/www.istpack.com\/es\/kapakli-hediye-kutusu\/\" >\n\t\t\t\t\t\t\tKapakl\u0131 Hediye Kutusu\t\t\t\t\t\t<\/a>\n\t\t\t\t\t<\/h3>\n\t\t\t\t\n\t\t\t\t\n\t\t\t<\/div>\n\t\t\t\n\t\t<\/div>\n\t\t\t\t\t\t<\/div>\n\t\t\t\t<\/div>\n\t\t<div class=\"elementor-element elementor-element-649494ef e-con-full e-flex elementor-invisible e-con e-child\" data-id=\"649494ef\" data-element_type=\"container\" data-e-type=\"container\" data-settings=\"{&quot;animation&quot;:&quot;fadeInUp&quot;,&quot;animation_delay&quot;:300}\">\n\t\t\t\t<div class=\"elementor-element elementor-element-658c67e2 at-shiny-glass-effect at-image-animation at-animation-image-none elementor-widget elementor-widget-image\" data-id=\"658c67e2\" data-element_type=\"widget\" data-e-type=\"widget\" data-settings=\"{&quot;ekit_we_effect_on&quot;:&quot;none&quot;}\" data-widget_type=\"image.default\">\n\t\t\t\t\t\t\t\t\t\t\t\t\t\t\t\t<a href=\"https:\/\/www.istpack.com\/es\/sal-ve-esarp-kutusu\/\">\n\t\t\t\t\t\t\t<img loading=\"lazy\" decoding=\"async\" width=\"2560\" height=\"2560\" src=\"https:\/\/www.istpack.com\/wp-content\/uploads\/2026\/03\/ESARP-VE-SAL-KUTUSU--scaled.jpg\" class=\"attachment-full size-full wp-image-11381\" alt=\"\" srcset=\"https:\/\/www.istpack.com\/wp-content\/uploads\/2026\/03\/ESARP-VE-SAL-KUTUSU--scaled.jpg 2560w, https:\/\/www.istpack.com\/wp-content\/uploads\/2026\/03\/ESARP-VE-SAL-KUTUSU--300x300.jpg 300w, https:\/\/www.istpack.com\/wp-content\/uploads\/2026\/03\/ESARP-VE-SAL-KUTUSU--1024x1024.jpg 1024w, https:\/\/www.istpack.com\/wp-content\/uploads\/2026\/03\/ESARP-VE-SAL-KUTUSU--150x150.jpg 150w, https:\/\/www.istpack.com\/wp-content\/uploads\/2026\/03\/ESARP-VE-SAL-KUTUSU--768x768.jpg 768w, https:\/\/www.istpack.com\/wp-content\/uploads\/2026\/03\/ESARP-VE-SAL-KUTUSU--1536x1536.jpg 1536w, https:\/\/www.istpack.com\/wp-content\/uploads\/2026\/03\/ESARP-VE-SAL-KUTUSU--2048x2048.jpg 2048w\" sizes=\"(max-width: 2560px) 100vw, 2560px\" \/>\t\t\t\t\t\t\t\t<\/a>\n\t\t\t\t\t\t\t\t\t\t\t\t\t\t\t<\/div>\n\t\t\t\t<div class=\"elementor-element elementor-element-1135757 elementor-absolute service-content elementor-widget elementor-widget-icon-box\" data-id=\"1135757\" data-element_type=\"widget\" data-e-type=\"widget\" data-settings=\"{&quot;_position&quot;:&quot;absolute&quot;,&quot;ekit_we_effect_on&quot;:&quot;none&quot;}\" data-widget_type=\"icon-box.default\">\n\t\t\t\t\t\t\t<div class=\"elementor-icon-box-wrapper\">\n\n\t\t\t\n\t\t\t\t\t\t<div class=\"elementor-icon-box-content\">\n\n\t\t\t\t\t\t\t\t\t<h3 class=\"elementor-icon-box-title\">\n\t\t\t\t\t\t<a href=\"https:\/\/www.istpack.com\/es\/sal-ve-esarp-kutusu\/\" >\n\t\t\t\t\t\t\t\u015eal ve E\u015farp Kutusu\t\t\t\t\t\t<\/a>\n\t\t\t\t\t<\/h3>\n\t\t\t\t\n\t\t\t\t\n\t\t\t<\/div>\n\t\t\t\n\t\t<\/div>\n\t\t\t\t\t\t<\/div>\n\t\t\t\t<\/div>\n\t\t\t\t<\/div>\n\t\t\t\t\t<\/div>\n\t\t\t\t<\/div>\n\t\t\t\t<\/div>","protected":false},"excerpt":{"rendered":"<p>Zarf Hediye Kutusu Mekik Yast\u0131k Kutu Kapakl\u0131 Hediye Kutusu \u015eal ve E\u015farp [&hellip;]<\/p>\n","protected":false},"author":1,"featured_media":0,"parent":2512,"menu_order":0,"comment_status":"closed","ping_status":"closed","template":"","meta":{"footnotes":""},"class_list":["post-11692","page","type-page","status-publish","hentry"],"_links":{"self":[{"href":"https:\/\/www.istpack.com\/es\/wp-json\/wp\/v2\/pages\/11692","targetHints":{"allow":["GET"]}}],"collection":[{"href":"https:\/\/www.istpack.com\/es\/wp-json\/wp\/v2\/pages"}],"about":[{"href":"https:\/\/www.istpack.com\/es\/wp-json\/wp\/v2\/types\/page"}],"author":[{"embeddable":true,"href":"https:\/\/www.istpack.com\/es\/wp-json\/wp\/v2\/users\/1"}],"replies":[{"embeddable":true,"href":"https:\/\/www.istpack.com\/es\/wp-json\/wp\/v2\/comments?post=11692"}],"version-history":[{"count":10,"href":"https:\/\/www.istpack.com\/es\/wp-json\/wp\/v2\/pages\/11692\/revisions"}],"predecessor-version":[{"id":12313,"href":"https:\/\/www.istpack.com\/es\/wp-json\/wp\/v2\/pages\/11692\/revisions\/12313"}],"up":[{"embeddable":true,"href":"https:\/\/www.istpack.com\/es\/wp-json\/wp\/v2\/pages\/2512"}],"wp:attachment":[{"href":"https:\/\/www.istpack.com\/es\/wp-json\/wp\/v2\/media?parent=11692"}],"curies":[{"name":"wp","href":"https:\/\/api.w.org\/{rel}","templated":true}]}}