{"id":2512,"date":"2025-02-28T11:38:54","date_gmt":"2025-02-28T11:38:54","guid":{"rendered":"https:\/\/demo.awaikenthemes.com\/lineman\/?page_id=2512"},"modified":"2026-03-17T14:27:15","modified_gmt":"2026-03-17T11:27:15","slug":"productos","status":"publish","type":"page","link":"https:\/\/www.istpack.com\/es\/urunler\/","title":{"rendered":"Productos"},"content":{"rendered":"<div data-elementor-type=\"wp-page\" data-elementor-id=\"2512\" class=\"elementor elementor-2512\" data-elementor-post-type=\"page\">\n\t\t\t\t<div class=\"elementor-element elementor-element-4bec40c e-flex e-con-boxed e-con e-parent\" data-id=\"4bec40c\" data-element_type=\"container\" data-e-type=\"container\">\n\t\t\t\t\t<div class=\"e-con-inner\">\n\t\t<div class=\"elementor-element elementor-element-596df8d border-radius-section e-flex e-con-boxed e-con e-child\" data-id=\"596df8d\" data-element_type=\"container\" data-e-type=\"container\" data-settings=\"{&quot;background_background&quot;:&quot;classic&quot;}\">\n\t\t\t\t\t<div class=\"e-con-inner\">\n\t\t<div class=\"elementor-element elementor-element-49a586b e-con-full e-flex e-con e-child\" data-id=\"49a586b\" data-element_type=\"container\" data-e-type=\"container\">\n\t\t\t\t<div class=\"elementor-element elementor-element-842c832 at-heading-animation at-animation-heading-style-2 elementor-widget elementor-widget-heading\" data-id=\"842c832\" data-element_type=\"widget\" data-e-type=\"widget\" data-settings=\"{&quot;ekit_we_effect_on&quot;:&quot;none&quot;}\" data-widget_type=\"heading.default\">\n\t\t\t\t\t<h1 class=\"elementor-heading-title elementor-size-default\">Productos<\/h1>\t\t\t\t<\/div>\n\t\t\t\t<\/div>\n\t\t\t\t\t<\/div>\n\t\t\t\t<\/div>\n\t\t\t\t\t<\/div>\n\t\t\t\t<\/div>\n\t\t<div class=\"elementor-element elementor-element-73d3721 e-flex e-con-boxed e-con e-parent\" data-id=\"73d3721\" data-element_type=\"container\" data-e-type=\"container\">\n\t\t\t\t\t<div class=\"e-con-inner\">\n\t\t<div class=\"elementor-element elementor-element-930d2b4 e-con-full e-flex e-con e-child\" data-id=\"930d2b4\" data-element_type=\"container\" data-e-type=\"container\">\n\t\t<div class=\"elementor-element elementor-element-79a3e93 e-con-full service-item  e-flex elementor-invisible e-con e-child\" data-id=\"79a3e93\" data-element_type=\"container\" data-e-type=\"container\" data-settings=\"{&quot;animation&quot;:&quot;fadeInUp&quot;}\">\n\t\t\t\t<div class=\"elementor-element elementor-element-40c7215 at-shiny-glass-effect service-image at-image-animation at-animation-image-none elementor-widget elementor-widget-image\" data-id=\"40c7215\" data-element_type=\"widget\" data-e-type=\"widget\" data-settings=\"{&quot;ekit_we_effect_on&quot;:&quot;none&quot;}\" data-widget_type=\"image.default\">\n\t\t\t\t\t\t\t\t\t\t\t\t\t\t\t\t<a href=\"https:\/\/www.istpack.com\/es\/bolsas-de-papel-para-envases\/\">\n\t\t\t\t\t\t\t<img fetchpriority=\"high\" decoding=\"async\" width=\"2560\" height=\"2560\" src=\"https:\/\/www.istpack.com\/wp-content\/uploads\/2026\/03\/yagli-ambalaj-kagidi-1-scaled.jpg\" class=\"attachment-full size-full wp-image-11418\" alt=\"\" srcset=\"https:\/\/www.istpack.com\/wp-content\/uploads\/2026\/03\/yagli-ambalaj-kagidi-1-scaled.jpg 2560w, https:\/\/www.istpack.com\/wp-content\/uploads\/2026\/03\/yagli-ambalaj-kagidi-1-300x300.jpg 300w, https:\/\/www.istpack.com\/wp-content\/uploads\/2026\/03\/yagli-ambalaj-kagidi-1-1024x1024.jpg 1024w, https:\/\/www.istpack.com\/wp-content\/uploads\/2026\/03\/yagli-ambalaj-kagidi-1-150x150.jpg 150w, https:\/\/www.istpack.com\/wp-content\/uploads\/2026\/03\/yagli-ambalaj-kagidi-1-768x768.jpg 768w, https:\/\/www.istpack.com\/wp-content\/uploads\/2026\/03\/yagli-ambalaj-kagidi-1-1536x1536.jpg 1536w, https:\/\/www.istpack.com\/wp-content\/uploads\/2026\/03\/yagli-ambalaj-kagidi-1-2048x2048.jpg 2048w\" sizes=\"(max-width: 2560px) 100vw, 2560px\" \/>\t\t\t\t\t\t\t\t<\/a>\n\t\t\t\t\t\t\t\t\t\t\t\t\t\t\t<\/div>\n\t\t\t\t<div class=\"elementor-element elementor-element-1fbf717 elementor-absolute service-content elementor-widget elementor-widget-icon-box\" data-id=\"1fbf717\" data-element_type=\"widget\" data-e-type=\"widget\" data-settings=\"{&quot;_position&quot;:&quot;absolute&quot;,&quot;ekit_we_effect_on&quot;:&quot;none&quot;}\" data-widget_type=\"icon-box.default\">\n\t\t\t\t\t\t\t<div class=\"elementor-icon-box-wrapper\">\n\n\t\t\t\n\t\t\t\t\t\t<div class=\"elementor-icon-box-content\">\n\n\t\t\t\t\t\t\t\t\t<h3 class=\"elementor-icon-box-title\">\n\t\t\t\t\t\t<a href=\"https:\/\/www.istpack.com\/es\/bolsas-de-papel-para-envases\/\" >\n\t\t\t\t\t\t\tEnvases \/ Bolsas de papel\t\t\t\t\t\t<\/a>\n\t\t\t\t\t<\/h3>\n\t\t\t\t\n\t\t\t\t\n\t\t\t<\/div>\n\t\t\t\n\t\t<\/div>\n\t\t\t\t\t\t<\/div>\n\t\t\t\t<\/div>\n\t\t<div class=\"elementor-element elementor-element-07c2a1f e-con-full service-item  e-flex elementor-invisible e-con e-child\" data-id=\"07c2a1f\" data-element_type=\"container\" data-e-type=\"container\" data-settings=\"{&quot;animation&quot;:&quot;fadeInUp&quot;,&quot;animation_delay&quot;:100}\">\n\t\t\t\t<div class=\"elementor-element elementor-element-ec8a0be at-shiny-glass-effect service-image at-image-animation at-animation-image-none elementor-widget elementor-widget-image\" data-id=\"ec8a0be\" data-element_type=\"widget\" data-e-type=\"widget\" data-settings=\"{&quot;ekit_we_effect_on&quot;:&quot;none&quot;}\" data-widget_type=\"image.default\">\n\t\t\t\t\t\t\t\t\t\t\t\t\t\t\t\t<a href=\"https:\/\/www.istpack.com\/es\/cajas-de-carton\/\">\n\t\t\t\t\t\t\t<img decoding=\"async\" width=\"1066\" height=\"1110\" src=\"https:\/\/www.istpack.com\/wp-content\/uploads\/2026\/03\/WhatsApp-Image-2022-08-11-at-12.15.34-10-e1772609824659.jpeg\" class=\"attachment-full size-full wp-image-10875\" alt=\"\" srcset=\"https:\/\/www.istpack.com\/wp-content\/uploads\/2026\/03\/WhatsApp-Image-2022-08-11-at-12.15.34-10-e1772609824659.jpeg 1066w, https:\/\/www.istpack.com\/wp-content\/uploads\/2026\/03\/WhatsApp-Image-2022-08-11-at-12.15.34-10-e1772609824659-288x300.jpeg 288w, https:\/\/www.istpack.com\/wp-content\/uploads\/2026\/03\/WhatsApp-Image-2022-08-11-at-12.15.34-10-e1772609824659-983x1024.jpeg 983w, https:\/\/www.istpack.com\/wp-content\/uploads\/2026\/03\/WhatsApp-Image-2022-08-11-at-12.15.34-10-e1772609824659-768x800.jpeg 768w, https:\/\/www.istpack.com\/wp-content\/uploads\/2026\/03\/WhatsApp-Image-2022-08-11-at-12.15.34-10-e1772609824659-600x625.jpeg 600w\" sizes=\"(max-width: 1066px) 100vw, 1066px\" \/>\t\t\t\t\t\t\t\t<\/a>\n\t\t\t\t\t\t\t\t\t\t\t\t\t\t\t<\/div>\n\t\t\t\t<div class=\"elementor-element elementor-element-d3398d7 elementor-absolute service-content elementor-widget elementor-widget-icon-box\" data-id=\"d3398d7\" data-element_type=\"widget\" data-e-type=\"widget\" data-settings=\"{&quot;_position&quot;:&quot;absolute&quot;,&quot;ekit_we_effect_on&quot;:&quot;none&quot;}\" data-widget_type=\"icon-box.default\">\n\t\t\t\t\t\t\t<div class=\"elementor-icon-box-wrapper\">\n\n\t\t\t\n\t\t\t\t\t\t<div class=\"elementor-icon-box-content\">\n\n\t\t\t\t\t\t\t\t\t<h3 class=\"elementor-icon-box-title\">\n\t\t\t\t\t\t<a href=\"https:\/\/www.istpack.com\/es\/cajas-de-carton\/\" >\n\t\t\t\t\t\t\tCajas de cart\u00f3n\t\t\t\t\t\t<\/a>\n\t\t\t\t\t<\/h3>\n\t\t\t\t\n\t\t\t\t\n\t\t\t<\/div>\n\t\t\t\n\t\t<\/div>\n\t\t\t\t\t\t<\/div>\n\t\t\t\t<\/div>\n\t\t<div class=\"elementor-element elementor-element-48aed63 e-con-full service-item  e-flex elementor-invisible e-con e-child\" data-id=\"48aed63\" data-element_type=\"container\" data-e-type=\"container\" data-settings=\"{&quot;animation&quot;:&quot;fadeInUp&quot;,&quot;animation_delay&quot;:200}\">\n\t\t\t\t<div class=\"elementor-element elementor-element-873b2a3 at-shiny-glass-effect service-image at-image-animation at-animation-image-none elementor-widget elementor-widget-image\" data-id=\"873b2a3\" data-element_type=\"widget\" data-e-type=\"widget\" data-settings=\"{&quot;ekit_we_effect_on&quot;:&quot;none&quot;}\" data-widget_type=\"image.default\">\n\t\t\t\t\t\t\t\t\t\t\t\t\t\t\t\t<a href=\"https:\/\/www.istpack.com\/es\/cuencos\/\">\n\t\t\t\t\t\t\t<img decoding=\"async\" width=\"1066\" height=\"1600\" src=\"https:\/\/www.istpack.com\/wp-content\/uploads\/2026\/03\/WhatsApp-Image-2022-08-11-at-12.15.34-8.jpeg\" class=\"attachment-full size-full wp-image-11558\" alt=\"\" srcset=\"https:\/\/www.istpack.com\/wp-content\/uploads\/2026\/03\/WhatsApp-Image-2022-08-11-at-12.15.34-8.jpeg 1066w, https:\/\/www.istpack.com\/wp-content\/uploads\/2026\/03\/WhatsApp-Image-2022-08-11-at-12.15.34-8-200x300.jpeg 200w, https:\/\/www.istpack.com\/wp-content\/uploads\/2026\/03\/WhatsApp-Image-2022-08-11-at-12.15.34-8-682x1024.jpeg 682w, https:\/\/www.istpack.com\/wp-content\/uploads\/2026\/03\/WhatsApp-Image-2022-08-11-at-12.15.34-8-768x1153.jpeg 768w, https:\/\/www.istpack.com\/wp-content\/uploads\/2026\/03\/WhatsApp-Image-2022-08-11-at-12.15.34-8-1023x1536.jpeg 1023w\" sizes=\"(max-width: 1066px) 100vw, 1066px\" \/>\t\t\t\t\t\t\t\t<\/a>\n\t\t\t\t\t\t\t\t\t\t\t\t\t\t\t<\/div>\n\t\t\t\t<div class=\"elementor-element elementor-element-ddbb324 elementor-absolute service-content elementor-widget elementor-widget-icon-box\" data-id=\"ddbb324\" data-element_type=\"widget\" data-e-type=\"widget\" data-settings=\"{&quot;_position&quot;:&quot;absolute&quot;,&quot;ekit_we_effect_on&quot;:&quot;none&quot;}\" data-widget_type=\"icon-box.default\">\n\t\t\t\t\t\t\t<div class=\"elementor-icon-box-wrapper\">\n\n\t\t\t\n\t\t\t\t\t\t<div class=\"elementor-icon-box-content\">\n\n\t\t\t\t\t\t\t\t\t<h3 class=\"elementor-icon-box-title\">\n\t\t\t\t\t\t<a href=\"https:\/\/www.istpack.com\/es\/cuencos\/\" >\n\t\t\t\t\t\t\tCuencos\t\t\t\t\t\t<\/a>\n\t\t\t\t\t<\/h3>\n\t\t\t\t\n\t\t\t\t\n\t\t\t<\/div>\n\t\t\t\n\t\t<\/div>\n\t\t\t\t\t\t<\/div>\n\t\t\t\t<\/div>\n\t\t<div class=\"elementor-element elementor-element-3835753 e-con-full service-item  e-flex elementor-invisible e-con e-child\" data-id=\"3835753\" data-element_type=\"container\" data-e-type=\"container\" data-settings=\"{&quot;animation&quot;:&quot;fadeInUp&quot;,&quot;animation_delay&quot;:300}\">\n\t\t\t\t<div class=\"elementor-element elementor-element-be7a84b at-shiny-glass-effect service-image at-image-animation at-animation-image-none elementor-widget elementor-widget-image\" data-id=\"be7a84b\" data-element_type=\"widget\" data-e-type=\"widget\" data-settings=\"{&quot;ekit_we_effect_on&quot;:&quot;none&quot;}\" data-widget_type=\"image.default\">\n\t\t\t\t\t\t\t\t\t\t\t\t\t\t\t\t<a href=\"https:\/\/www.istpack.com\/es\/cajas-para-llevar\/\">\n\t\t\t\t\t\t\t<img loading=\"lazy\" decoding=\"async\" width=\"2560\" height=\"2560\" src=\"https:\/\/www.istpack.com\/wp-content\/uploads\/2026\/03\/durum-kutusu-1-scaled.jpg\" class=\"attachment-full size-full wp-image-11316\" alt=\"\" srcset=\"https:\/\/www.istpack.com\/wp-content\/uploads\/2026\/03\/durum-kutusu-1-scaled.jpg 2560w, https:\/\/www.istpack.com\/wp-content\/uploads\/2026\/03\/durum-kutusu-1-300x300.jpg 300w, https:\/\/www.istpack.com\/wp-content\/uploads\/2026\/03\/durum-kutusu-1-1024x1024.jpg 1024w, https:\/\/www.istpack.com\/wp-content\/uploads\/2026\/03\/durum-kutusu-1-150x150.jpg 150w, https:\/\/www.istpack.com\/wp-content\/uploads\/2026\/03\/durum-kutusu-1-768x768.jpg 768w, https:\/\/www.istpack.com\/wp-content\/uploads\/2026\/03\/durum-kutusu-1-1536x1536.jpg 1536w, https:\/\/www.istpack.com\/wp-content\/uploads\/2026\/03\/durum-kutusu-1-2048x2048.jpg 2048w\" sizes=\"(max-width: 2560px) 100vw, 2560px\" \/>\t\t\t\t\t\t\t\t<\/a>\n\t\t\t\t\t\t\t\t\t\t\t\t\t\t\t<\/div>\n\t\t\t\t<div class=\"elementor-element elementor-element-cc38af2 elementor-absolute service-content elementor-widget elementor-widget-icon-box\" data-id=\"cc38af2\" data-element_type=\"widget\" data-e-type=\"widget\" data-settings=\"{&quot;_position&quot;:&quot;absolute&quot;,&quot;ekit_we_effect_on&quot;:&quot;none&quot;}\" data-widget_type=\"icon-box.default\">\n\t\t\t\t\t\t\t<div class=\"elementor-icon-box-wrapper\">\n\n\t\t\t\n\t\t\t\t\t\t<div class=\"elementor-icon-box-content\">\n\n\t\t\t\t\t\t\t\t\t<h3 class=\"elementor-icon-box-title\">\n\t\t\t\t\t\t<a href=\"https:\/\/www.istpack.com\/es\/cajas-para-llevar\/\" >\n\t\t\t\t\t\t\tCajas de servicio para llevar\t\t\t\t\t\t<\/a>\n\t\t\t\t\t<\/h3>\n\t\t\t\t\n\t\t\t\t\n\t\t\t<\/div>\n\t\t\t\n\t\t<\/div>\n\t\t\t\t\t\t<\/div>\n\t\t\t\t<\/div>\n\t\t<div class=\"elementor-element elementor-element-5d5442e e-con-full service-item  e-flex elementor-invisible e-con e-child\" data-id=\"5d5442e\" data-element_type=\"container\" data-e-type=\"container\" data-settings=\"{&quot;animation&quot;:&quot;fadeInUp&quot;,&quot;animation_delay&quot;:400}\">\n\t\t\t\t<div class=\"elementor-element elementor-element-5c840b9 at-shiny-glass-effect service-image at-image-animation at-animation-image-none elementor-widget elementor-widget-image\" data-id=\"5c840b9\" data-element_type=\"widget\" data-e-type=\"widget\" data-settings=\"{&quot;ekit_we_effect_on&quot;:&quot;none&quot;}\" data-widget_type=\"image.default\">\n\t\t\t\t\t\t\t\t\t\t\t\t\t\t\t\t<a href=\"https:\/\/www.istpack.com\/es\/bolsa-poset\/\">\n\t\t\t\t\t\t\t<img loading=\"lazy\" decoding=\"async\" width=\"1066\" height=\"1077\" src=\"https:\/\/www.istpack.com\/wp-content\/uploads\/2026\/03\/WhatsApp-Image-2022-08-11-at-12.15.34-9-e1774875532397.jpeg\" class=\"attachment-full size-full wp-image-11585\" alt=\"\" srcset=\"https:\/\/www.istpack.com\/wp-content\/uploads\/2026\/03\/WhatsApp-Image-2022-08-11-at-12.15.34-9-e1774875532397.jpeg 1066w, https:\/\/www.istpack.com\/wp-content\/uploads\/2026\/03\/WhatsApp-Image-2022-08-11-at-12.15.34-9-e1774875532397-297x300.jpeg 297w, https:\/\/www.istpack.com\/wp-content\/uploads\/2026\/03\/WhatsApp-Image-2022-08-11-at-12.15.34-9-e1774875532397-1014x1024.jpeg 1014w, https:\/\/www.istpack.com\/wp-content\/uploads\/2026\/03\/WhatsApp-Image-2022-08-11-at-12.15.34-9-e1774875532397-768x776.jpeg 768w, https:\/\/www.istpack.com\/wp-content\/uploads\/2026\/03\/WhatsApp-Image-2022-08-11-at-12.15.34-9-e1774875532397-12x12.jpeg 12w\" sizes=\"(max-width: 1066px) 100vw, 1066px\" \/>\t\t\t\t\t\t\t\t<\/a>\n\t\t\t\t\t\t\t\t\t\t\t\t\t\t\t<\/div>\n\t\t\t\t<div class=\"elementor-element elementor-element-3b44486 elementor-absolute service-content elementor-widget elementor-widget-icon-box\" data-id=\"3b44486\" data-element_type=\"widget\" data-e-type=\"widget\" data-settings=\"{&quot;_position&quot;:&quot;absolute&quot;,&quot;ekit_we_effect_on&quot;:&quot;none&quot;}\" data-widget_type=\"icon-box.default\">\n\t\t\t\t\t\t\t<div class=\"elementor-icon-box-wrapper\">\n\n\t\t\t\n\t\t\t\t\t\t<div class=\"elementor-icon-box-content\">\n\n\t\t\t\t\t\t\t\t\t<h3 class=\"elementor-icon-box-title\">\n\t\t\t\t\t\t<a href=\"https:\/\/www.istpack.com\/es\/bolsa-poset\/\" >\n\t\t\t\t\t\t\tBolsita \/ Bolsa\t\t\t\t\t\t<\/a>\n\t\t\t\t\t<\/h3>\n\t\t\t\t\n\t\t\t\t\n\t\t\t<\/div>\n\t\t\t\n\t\t<\/div>\n\t\t\t\t\t\t<\/div>\n\t\t\t\t<\/div>\n\t\t<div class=\"elementor-element elementor-element-eaab2b0 e-con-full service-item  e-flex elementor-invisible e-con e-child\" data-id=\"eaab2b0\" data-element_type=\"container\" data-e-type=\"container\" data-settings=\"{&quot;animation&quot;:&quot;fadeInUp&quot;,&quot;animation_delay&quot;:500}\">\n\t\t\t\t<div class=\"elementor-element elementor-element-287515f at-shiny-glass-effect service-image at-image-animation at-animation-image-none elementor-widget elementor-widget-image\" data-id=\"287515f\" data-element_type=\"widget\" data-e-type=\"widget\" data-settings=\"{&quot;ekit_we_effect_on&quot;:&quot;none&quot;}\" data-widget_type=\"image.default\">\n\t\t\t\t\t\t\t\t\t\t\t\t\t\t\t\t<a href=\"https:\/\/www.istpack.com\/es\/tekstil-ve-hediye-kutulari\/\">\n\t\t\t\t\t\t\t<img loading=\"lazy\" decoding=\"async\" width=\"2560\" height=\"2560\" src=\"https:\/\/www.istpack.com\/wp-content\/uploads\/2026\/03\/ESARP-VE-SAL-KUTUSU--scaled.jpg\" class=\"attachment-full size-full wp-image-11381\" alt=\"\" srcset=\"https:\/\/www.istpack.com\/wp-content\/uploads\/2026\/03\/ESARP-VE-SAL-KUTUSU--scaled.jpg 2560w, https:\/\/www.istpack.com\/wp-content\/uploads\/2026\/03\/ESARP-VE-SAL-KUTUSU--300x300.jpg 300w, https:\/\/www.istpack.com\/wp-content\/uploads\/2026\/03\/ESARP-VE-SAL-KUTUSU--1024x1024.jpg 1024w, https:\/\/www.istpack.com\/wp-content\/uploads\/2026\/03\/ESARP-VE-SAL-KUTUSU--150x150.jpg 150w, https:\/\/www.istpack.com\/wp-content\/uploads\/2026\/03\/ESARP-VE-SAL-KUTUSU--768x768.jpg 768w, https:\/\/www.istpack.com\/wp-content\/uploads\/2026\/03\/ESARP-VE-SAL-KUTUSU--1536x1536.jpg 1536w, https:\/\/www.istpack.com\/wp-content\/uploads\/2026\/03\/ESARP-VE-SAL-KUTUSU--2048x2048.jpg 2048w\" sizes=\"(max-width: 2560px) 100vw, 2560px\" \/>\t\t\t\t\t\t\t\t<\/a>\n\t\t\t\t\t\t\t\t\t\t\t\t\t\t\t<\/div>\n\t\t\t\t<div class=\"elementor-element elementor-element-470b4b3 elementor-absolute service-content elementor-widget elementor-widget-icon-box\" data-id=\"470b4b3\" data-element_type=\"widget\" data-e-type=\"widget\" data-settings=\"{&quot;_position&quot;:&quot;absolute&quot;,&quot;ekit_we_effect_on&quot;:&quot;none&quot;}\" data-widget_type=\"icon-box.default\">\n\t\t\t\t\t\t\t<div class=\"elementor-icon-box-wrapper\">\n\n\t\t\t\n\t\t\t\t\t\t<div class=\"elementor-icon-box-content\">\n\n\t\t\t\t\t\t\t\t\t<h3 class=\"elementor-icon-box-title\">\n\t\t\t\t\t\t<a href=\"https:\/\/www.istpack.com\/es\/tekstil-ve-hediye-kutulari\/\" >\n\t\t\t\t\t\t\tCajas textiles y de regalo\t\t\t\t\t\t<\/a>\n\t\t\t\t\t<\/h3>\n\t\t\t\t\n\t\t\t\t\n\t\t\t<\/div>\n\t\t\t\n\t\t<\/div>\n\t\t\t\t\t\t<\/div>\n\t\t\t\t<\/div>\n\t\t<div class=\"elementor-element elementor-element-a6a6780 e-con-full service-item  e-flex elementor-invisible e-con e-child\" data-id=\"a6a6780\" data-element_type=\"container\" data-e-type=\"container\" data-settings=\"{&quot;animation&quot;:&quot;fadeInUp&quot;,&quot;animation_delay&quot;:500}\">\n\t\t\t\t<div class=\"elementor-element elementor-element-54362d5 at-shiny-glass-effect service-image at-image-animation at-animation-image-none elementor-widget elementor-widget-image\" data-id=\"54362d5\" data-element_type=\"widget\" data-e-type=\"widget\" data-settings=\"{&quot;ekit_we_effect_on&quot;:&quot;none&quot;}\" data-widget_type=\"image.default\">\n\t\t\t\t\t\t\t\t\t\t\t\t\t\t\t\t<a href=\"https:\/\/www.istpack.com\/es\/urun-kutulari\/\">\n\t\t\t\t\t\t\t<img loading=\"lazy\" decoding=\"async\" width=\"2560\" height=\"2560\" src=\"https:\/\/www.istpack.com\/wp-content\/uploads\/2026\/03\/Peynir-Kutusu-2-scaled.jpg\" class=\"attachment-full size-full wp-image-11403\" alt=\"\" srcset=\"https:\/\/www.istpack.com\/wp-content\/uploads\/2026\/03\/Peynir-Kutusu-2-scaled.jpg 2560w, https:\/\/www.istpack.com\/wp-content\/uploads\/2026\/03\/Peynir-Kutusu-2-300x300.jpg 300w, https:\/\/www.istpack.com\/wp-content\/uploads\/2026\/03\/Peynir-Kutusu-2-1024x1024.jpg 1024w, https:\/\/www.istpack.com\/wp-content\/uploads\/2026\/03\/Peynir-Kutusu-2-150x150.jpg 150w, https:\/\/www.istpack.com\/wp-content\/uploads\/2026\/03\/Peynir-Kutusu-2-768x768.jpg 768w, https:\/\/www.istpack.com\/wp-content\/uploads\/2026\/03\/Peynir-Kutusu-2-1536x1536.jpg 1536w, https:\/\/www.istpack.com\/wp-content\/uploads\/2026\/03\/Peynir-Kutusu-2-2048x2048.jpg 2048w\" sizes=\"(max-width: 2560px) 100vw, 2560px\" \/>\t\t\t\t\t\t\t\t<\/a>\n\t\t\t\t\t\t\t\t\t\t\t\t\t\t\t<\/div>\n\t\t\t\t<div class=\"elementor-element elementor-element-997c62f elementor-absolute service-content elementor-widget elementor-widget-icon-box\" data-id=\"997c62f\" data-element_type=\"widget\" data-e-type=\"widget\" data-settings=\"{&quot;_position&quot;:&quot;absolute&quot;,&quot;ekit_we_effect_on&quot;:&quot;none&quot;}\" data-widget_type=\"icon-box.default\">\n\t\t\t\t\t\t\t<div class=\"elementor-icon-box-wrapper\">\n\n\t\t\t\n\t\t\t\t\t\t<div class=\"elementor-icon-box-content\">\n\n\t\t\t\t\t\t\t\t\t<h3 class=\"elementor-icon-box-title\">\n\t\t\t\t\t\t<a href=\"https:\/\/www.istpack.com\/es\/urun-kutulari\/\" >\n\t\t\t\t\t\t\tCajas de productos\t\t\t\t\t\t<\/a>\n\t\t\t\t\t<\/h3>\n\t\t\t\t\n\t\t\t\t\n\t\t\t<\/div>\n\t\t\t\n\t\t<\/div>\n\t\t\t\t\t\t<\/div>\n\t\t\t\t<\/div>\n\t\t\t\t<\/div>\n\t\t\t\t\t<\/div>\n\t\t\t\t<\/div>\n\t\t\t\t<\/div>","protected":false},"excerpt":{"rendered":"<p>\u00dcr\u00fcnler Ambalaj \/ Kese Ka\u011f\u0131tlar\u0131 Karton Kutular Kaseler Paket Servis Kutular\u0131 Po\u015fet [&hellip;]<\/p>\n","protected":false},"author":1,"featured_media":0,"parent":0,"menu_order":0,"comment_status":"closed","ping_status":"closed","template":"elementor_header_footer","meta":{"footnotes":""},"class_list":["post-2512","page","type-page","status-publish","hentry"],"_links":{"self":[{"href":"https:\/\/www.istpack.com\/es\/wp-json\/wp\/v2\/pages\/2512","targetHints":{"allow":["GET"]}}],"collection":[{"href":"https:\/\/www.istpack.com\/es\/wp-json\/wp\/v2\/pages"}],"about":[{"href":"https:\/\/www.istpack.com\/es\/wp-json\/wp\/v2\/types\/page"}],"author":[{"embeddable":true,"href":"https:\/\/www.istpack.com\/es\/wp-json\/wp\/v2\/users\/1"}],"replies":[{"embeddable":true,"href":"https:\/\/www.istpack.com\/es\/wp-json\/wp\/v2\/comments?post=2512"}],"version-history":[{"count":29,"href":"https:\/\/www.istpack.com\/es\/wp-json\/wp\/v2\/pages\/2512\/revisions"}],"predecessor-version":[{"id":12075,"href":"https:\/\/www.istpack.com\/es\/wp-json\/wp\/v2\/pages\/2512\/revisions\/12075"}],"wp:attachment":[{"href":"https:\/\/www.istpack.com\/es\/wp-json\/wp\/v2\/media?parent=2512"}],"curies":[{"name":"wp","href":"https:\/\/api.w.org\/{rel}","templated":true}]}}