{"id":10984,"date":"2026-03-04T11:31:49","date_gmt":"2026-03-04T11:31:49","guid":{"rendered":"https:\/\/www.istpack.com\/?page_id=10984"},"modified":"2026-03-31T14:13:49","modified_gmt":"2026-03-31T11:13:49","slug":"papier-sulfurise","status":"publish","type":"page","link":"https:\/\/www.istpack.com\/fr\/urunler\/ambalaj-kese-kagitlari\/pisirme-kagidi\/","title":{"rendered":"Papier Cuisson"},"content":{"rendered":"\t\t<div data-elementor-type=\"wp-page\" data-elementor-id=\"10984\" class=\"elementor elementor-10984\" data-elementor-post-type=\"page\">\n\t\t\t\t<div class=\"elementor-element elementor-element-670991d7 e-con-full e-flex e-con e-parent\" data-id=\"670991d7\" data-element_type=\"container\" data-e-type=\"container\">\n\t\t<div class=\"elementor-element elementor-element-74ce4c6 e-con-full e-flex e-con e-child\" data-id=\"74ce4c6\" data-element_type=\"container\" data-e-type=\"container\">\n\t\t\t\t<div class=\"elementor-element elementor-element-67f07f6e elementor-skin-slideshow elementor-arrows-yes elementor-widget elementor-widget-media-carousel\" data-id=\"67f07f6e\" data-element_type=\"widget\" data-e-type=\"widget\" data-settings=\"{&quot;skin&quot;:&quot;slideshow&quot;,&quot;slideshow_slides_per_view&quot;:&quot;4&quot;,&quot;effect&quot;:&quot;slide&quot;,&quot;show_arrows&quot;:&quot;yes&quot;,&quot;speed&quot;:500,&quot;autoplay&quot;:&quot;yes&quot;,&quot;autoplay_speed&quot;:5000,&quot;loop&quot;:&quot;yes&quot;,&quot;pause_on_hover&quot;:&quot;yes&quot;,&quot;pause_on_interaction&quot;:&quot;yes&quot;,&quot;space_between&quot;:{&quot;unit&quot;:&quot;px&quot;,&quot;size&quot;:10,&quot;sizes&quot;:[]},&quot;space_between_tablet&quot;:{&quot;unit&quot;:&quot;px&quot;,&quot;size&quot;:10,&quot;sizes&quot;:[]},&quot;space_between_mobile&quot;:{&quot;unit&quot;:&quot;px&quot;,&quot;size&quot;:10,&quot;sizes&quot;:[]},&quot;ekit_we_effect_on&quot;:&quot;none&quot;}\" data-widget_type=\"media-carousel.default\">\n\t\t\t\t\t\t\t\t\t\t<div class=\"elementor-main-swiper swiper\" role=\"region\" aria-roledescription=\"carousel\" aria-label=\"Pi\u015firme Ka\u011f\u0131d\u0131\">\n\t\t\t\t<div class=\"swiper-wrapper\">\n\t\t\t\t\t\t\t\t\t\t\t<div class=\"swiper-slide\" role=\"group\" aria-roledescription=\"slide\">\n\t\t\t\t\t\t\t\t\t<div class=\"elementor-carousel-image\" role=\"img\" aria-label=\"pisirme-kagidi-640px\" style=\"background-image: url(&#039;https:\/\/www.istpack.com\/wp-content\/uploads\/2026\/03\/pisirme-kagidi-640px.webp&#039;)\">\n\n\t\t\t\n\t\t\t\t\t<\/div>\n\t\t\t\t\t\t\t\t<\/div>\n\t\t\t\t\t\t\t\t\t<\/div>\n\t\t\t\t\t\t\t<\/div>\n\t\t\t\t\t\t\t\t<\/div>\n\t\t\t\t<\/div>\n\t\t<div class=\"elementor-element elementor-element-3c6acd8a e-con-full e-flex e-con e-child\" data-id=\"3c6acd8a\" data-element_type=\"container\" data-e-type=\"container\">\n\t\t\t\t<div class=\"elementor-element elementor-element-38849ee8 at-heading-animation at-animation-heading-none elementor-widget elementor-widget-heading\" data-id=\"38849ee8\" data-element_type=\"widget\" data-e-type=\"widget\" data-settings=\"{&quot;ekit_we_effect_on&quot;:&quot;none&quot;}\" data-widget_type=\"heading.default\">\n\t\t\t\t\t<h2 class=\"elementor-heading-title elementor-size-default\">Pi\u015firme Ka\u011f\u0131d\u0131<\/h2>\t\t\t\t<\/div>\n\t\t\t\t<div class=\"elementor-element elementor-element-83f4aa elementor-widget elementor-widget-text-editor\" data-id=\"83f4aa\" data-element_type=\"widget\" data-e-type=\"widget\" data-settings=\"{&quot;ekit_we_effect_on&quot;:&quot;none&quot;}\" data-widget_type=\"text-editor.default\">\n\t\t\t\t\t\t\t\t\t<p>Pi\u015firme i\u015flemlerini kolayla\u015ft\u0131ran ve hijyen sa\u011flayan \u00f6zel pi\u015firme ka\u011f\u0131tlar\u0131. \u0130stpack ile mutfak i\u015flerinizi kolayla\u015ft\u0131r\u0131n.<\/p>\t\t\t\t\t\t\t\t<\/div>\n\t\t\t\t<div class=\"elementor-element elementor-element-78cd5123 elementor-list-item-link-full_width elementor-widget elementor-widget-icon-list\" data-id=\"78cd5123\" data-element_type=\"widget\" data-e-type=\"widget\" data-settings=\"{&quot;ekit_we_effect_on&quot;:&quot;none&quot;}\" data-widget_type=\"icon-list.default\">\n\t\t\t\t\t\t\t<ul class=\"elementor-icon-list-items\">\n\t\t\t\t\t\t\t<li class=\"elementor-icon-list-item\">\n\t\t\t\t\t\t\t\t\t\t\t<span class=\"elementor-icon-list-icon\">\n\t\t\t\t\t\t\t<i aria-hidden=\"true\" class=\"fas fa-dot-circle\"><\/i>\t\t\t\t\t\t<\/span>\n\t\t\t\t\t\t\t\t\t\t<span class=\"elementor-icon-list-text\">Ka\u011f\u0131t Gramajlar\u0131: 30-90<\/span>\n\t\t\t\t\t\t\t\t\t<\/li>\n\t\t\t\t\t\t\t\t<li class=\"elementor-icon-list-item\">\n\t\t\t\t\t\t\t\t\t\t\t<span class=\"elementor-icon-list-icon\">\n\t\t\t\t\t\t\t<i aria-hidden=\"true\" class=\"fas fa-dot-circle\"><\/i>\t\t\t\t\t\t<\/span>\n\t\t\t\t\t\t\t\t\t\t<span class=\"elementor-icon-list-text\">Bask\u0131 Se\u00e7enekleri: Flekso<\/span>\n\t\t\t\t\t\t\t\t\t<\/li>\n\t\t\t\t\t\t\t\t<li class=\"elementor-icon-list-item\">\n\t\t\t\t\t\t\t\t\t\t\t<span class=\"elementor-icon-list-icon\">\n\t\t\t\t\t\t\t<i aria-hidden=\"true\" class=\"fas fa-dot-circle\"><\/i>\t\t\t\t\t\t<\/span>\n\t\t\t\t\t\t\t\t\t\t<span class=\"elementor-icon-list-text\">Laminasyon: Opp - Pe<\/span>\n\t\t\t\t\t\t\t\t\t<\/li>\n\t\t\t\t\t\t\t\t<li class=\"elementor-icon-list-item\">\n\t\t\t\t\t\t\t\t\t\t\t<span class=\"elementor-icon-list-icon\">\n\t\t\t\t\t\t\t<i aria-hidden=\"true\" class=\"fas fa-dot-circle\"><\/i>\t\t\t\t\t\t<\/span>\n\t\t\t\t\t\t\t\t\t\t<span class=\"elementor-icon-list-text\">Renk Se\u00e7enekleri: Beyaz Ya\u011fl\u0131 - Beyaz S\u00fclfit - Kahve \u015eamua - Krem Ya\u011fl\u0131 - Kahve Ya\u011fl\u0131<\/span>\n\t\t\t\t\t\t\t\t\t<\/li>\n\t\t\t\t\t\t<\/ul>\n\t\t\t\t\t\t<\/div>\n\t\t\t\t<\/div>\n\t\t<div class=\"elementor-element elementor-element-457025ce e-con-full e-flex e-con e-child\" data-id=\"457025ce\" data-element_type=\"container\" data-e-type=\"container\">\n\t\t\t\t<div class=\"elementor-element elementor-element-ee323d5 e-n-tabs-none elementor-widget elementor-widget-n-tabs\" data-id=\"ee323d5\" data-element_type=\"widget\" data-e-type=\"widget\" data-settings=\"{&quot;horizontal_scroll&quot;:&quot;disable&quot;,&quot;ekit_we_effect_on&quot;:&quot;none&quot;}\" data-widget_type=\"nested-tabs.default\">\n\t\t\t\t\t\t\t<div class=\"e-n-tabs\" data-widget-number=\"249766869\" aria-label=\"Onglets. Ouvrez des \u00e9l\u00e9ments avec Entrer ou Espace, fermez-les avec Echape et naviguez \u00e0 l&#039;aide des touches fl\u00e9ch\u00e9es.\">\n\t\t\t<div class=\"e-n-tabs-heading\" role=\"tablist\">\n\t\t\t\t\t<button id=\"e-n-tab-title-2497668691\" data-tab-title-id=\"e-n-tab-title-2497668691\" class=\"e-n-tab-title\" aria-selected=\"true\" data-tab-index=\"1\" role=\"tab\" tabindex=\"0\" aria-controls=\"e-n-tab-content-2497668691\" style=\"--n-tabs-title-order: 1;\">\n\t\t\t\t\t\t<span class=\"e-n-tab-title-text\">\n\t\t\t\tA\u00e7\u0131klama\t\t\t<\/span>\n\t\t<\/button>\n\t\t\t\t<button id=\"e-n-tab-title-2497668692\" data-tab-title-id=\"e-n-tab-title-2497668692\" class=\"e-n-tab-title\" aria-selected=\"false\" data-tab-index=\"2\" role=\"tab\" tabindex=\"-1\" aria-controls=\"e-n-tab-content-2497668692\" style=\"--n-tabs-title-order: 2;\">\n\t\t\t\t\t\t<span class=\"e-n-tab-title-text\">\n\t\t\t\tTeklif Al\t\t\t<\/span>\n\t\t<\/button>\n\t\t\t\t\t<\/div>\n\t\t\t<div class=\"e-n-tabs-content\">\n\t\t\t\t<div id=\"e-n-tab-content-2497668691\" role=\"tabpanel\" aria-labelledby=\"e-n-tab-title-2497668691\" data-tab-index=\"1\" style=\"--n-tabs-title-order: 1;\" class=\"e-active elementor-element elementor-element-6e21bbaa e-con-full e-flex e-con e-child\" data-id=\"6e21bbaa\" data-element_type=\"container\" data-e-type=\"container\">\n\t\t<div class=\"elementor-element elementor-element-49c156b8 e-flex e-con-boxed e-con e-child\" data-id=\"49c156b8\" data-element_type=\"container\" data-e-type=\"container\">\n\t\t\t\t\t<div class=\"e-con-inner\">\n\t\t\t\t<div class=\"elementor-element elementor-element-1d248c17 elementor-widget elementor-widget-text-editor\" data-id=\"1d248c17\" data-element_type=\"widget\" data-e-type=\"widget\" data-settings=\"{&quot;ekit_we_effect_on&quot;:&quot;none&quot;}\" data-widget_type=\"text-editor.default\">\n\t\t\t\t\t\t\t\t\t<p>Pi\u015firme ka\u011f\u0131d\u0131, f\u0131r\u0131nlama i\u015flemlerinde g\u0131dan\u0131n y\u00fczeye yap\u0131\u015fmas\u0131n\u0131 \u00f6nlemek ve hijyenik bir pi\u015firme ortam\u0131 sa\u011flamak amac\u0131yla geli\u015ftirilen \u00f6zel kaplamal\u0131 g\u0131da temas\u0131na uygun ka\u011f\u0131t \u00fcr\u00fcn\u00fcd\u00fcr. Is\u0131ya dayan\u0131kl\u0131 yap\u0131s\u0131 sayesinde pastane, f\u0131r\u0131n ve profesyonel mutfaklarda g\u00fcvenle kullan\u0131l\u0131r.<\/p><p>\u00d6zel silikon kaplama teknolojisi sayesinde pi\u015firme ka\u011f\u0131d\u0131; kek, kurabiye, ekmek ve di\u011fer f\u0131r\u0131n \u00fcr\u00fcnlerinin tepsiye yap\u0131\u015fmas\u0131n\u0131 engeller. Ya\u011fl\u0131 y\u00fczeylerde dahi kolay kullan\u0131m sunar ve ek ya\u011f kullan\u0131m\u0131n\u0131 azaltarak daha sa\u011fl\u0131kl\u0131 pi\u015firme imk\u00e2n\u0131 sa\u011flar.<\/p><p>Y\u00fcksek s\u0131cakl\u0131k dayan\u0131m\u0131, homojen y\u00fczey yap\u0131s\u0131 ve g\u0131da temas\u0131na uygun \u00fcretimi sayesinde hem profesyonel mutfaklarda hem ev kullan\u0131m\u0131nda tercih edilir.<\/p><p>Pastaneler, f\u0131r\u0131nlar, restoran mutfaklar\u0131, catering firmalar\u0131 ve ev tipi f\u0131r\u0131n kullan\u0131mlar\u0131 i\u00e7in idealdir. F\u0131r\u0131n tepsisi kaplama, hamur a\u00e7ma ve g\u0131da haz\u0131rl\u0131k s\u00fcre\u00e7lerinde pratiklik sa\u011flar.<\/p><p>Farkl\u0131 \u00f6l\u00e7\u00fc, gramaj ve \u00f6zel \u00fcretim se\u00e7enekleri i\u00e7in bizimle ileti\u015fime ge\u00e7ebilir, i\u015fletmenize uygun \u00e7\u00f6z\u00fcmler hakk\u0131nda detayl\u0131 bilgi alabilirsiniz.<\/p>\t\t\t\t\t\t\t\t<\/div>\n\t\t\t\t\t<\/div>\n\t\t\t\t<\/div>\n\t\t\t\t<\/div>\n\t\t<div id=\"e-n-tab-content-2497668692\" role=\"tabpanel\" aria-labelledby=\"e-n-tab-title-2497668692\" data-tab-index=\"2\" style=\"--n-tabs-title-order: 2;\" class=\" elementor-element elementor-element-76e8d6d1 e-con-full e-flex e-con e-child\" data-id=\"76e8d6d1\" data-element_type=\"container\" data-e-type=\"container\">\n\t\t<div class=\"elementor-element elementor-element-5a54a3b e-flex e-con-boxed e-con e-child\" data-id=\"5a54a3b\" data-element_type=\"container\" data-e-type=\"container\">\n\t\t\t\t\t<div class=\"e-con-inner\">\n\t\t\t\t<div class=\"elementor-element elementor-element-5d86ac4 at-heading-animation at-animation-heading-none elementor-widget elementor-widget-heading\" data-id=\"5d86ac4\" data-element_type=\"widget\" data-e-type=\"widget\" data-settings=\"{&quot;ekit_we_effect_on&quot;:&quot;none&quot;}\" data-widget_type=\"heading.default\">\n\t\t\t\t\t<h2 class=\"elementor-heading-title elementor-size-default\">Teklif Formu<\/h2>\t\t\t\t<\/div>\n\t\t\t\t<div class=\"elementor-element elementor-element-07b6edf elementor-button-align-center elementor-widget elementor-widget-form\" data-id=\"07b6edf\" data-element_type=\"widget\" data-e-type=\"widget\" data-settings=\"{&quot;step_next_label&quot;:&quot;Sonraki&quot;,&quot;step_previous_label&quot;:&quot;\\u00d6nceki&quot;,&quot;step_type&quot;:&quot;number_text&quot;,&quot;step_icon_shape&quot;:&quot;circle&quot;,&quot;ekit_we_effect_on&quot;:&quot;none&quot;}\" data-widget_type=\"form.default\">\n\t\t\t\t\t\t\t<form class=\"elementor-form\" method=\"post\" name=\"Teklif Formu\" aria-label=\"Teklif Formu\">\n\t\t\t<input type=\"hidden\" name=\"post_id\" value=\"10984\"\/>\n\t\t\t<input type=\"hidden\" name=\"form_id\" value=\"07b6edf\"\/>\n\t\t\t<input type=\"hidden\" name=\"referer_title\" value=\"\" \/>\n\n\t\t\t\n\t\t\t<div class=\"elementor-form-fields-wrapper elementor-labels-above\">\n\t\t\t\t\t\t\t\t<div class=\"elementor-field-type-text elementor-field-group elementor-column elementor-field-group-name elementor-col-50 elementor-field-required\">\n\t\t\t\t\t\t\t\t\t\t\t\t\t<input size=\"1\" type=\"text\" name=\"form_fields[name]\" id=\"form-field-name\" class=\"elementor-field elementor-size-sm  elementor-field-textual\" placeholder=\"Ad\" required=\"required\">\n\t\t\t\t\t\t\t\t\t\t\t<\/div>\n\t\t\t\t\t\t\t\t<div class=\"elementor-field-type-text elementor-field-group elementor-column elementor-field-group-last_name elementor-col-50 elementor-field-required\">\n\t\t\t\t\t\t\t\t\t\t\t\t\t<input size=\"1\" type=\"text\" name=\"form_fields[last_name]\" id=\"form-field-last_name\" class=\"elementor-field elementor-size-sm  elementor-field-textual\" placeholder=\"Soyad\" required=\"required\">\n\t\t\t\t\t\t\t\t\t\t\t<\/div>\n\t\t\t\t\t\t\t\t<div class=\"elementor-field-type-text elementor-field-group elementor-column elementor-field-group-company elementor-col-50 elementor-field-required\">\n\t\t\t\t\t\t\t\t\t\t\t\t\t<input size=\"1\" type=\"text\" name=\"form_fields[company]\" id=\"form-field-company\" class=\"elementor-field elementor-size-sm  elementor-field-textual\" placeholder=\"\u015eirket Ad\u0131\" required=\"required\">\n\t\t\t\t\t\t\t\t\t\t\t<\/div>\n\t\t\t\t\t\t\t\t<div class=\"elementor-field-type-email elementor-field-group elementor-column elementor-field-group-email elementor-col-50 elementor-field-required\">\n\t\t\t\t\t\t\t\t\t\t\t\t\t<input size=\"1\" type=\"email\" name=\"form_fields[email]\" id=\"form-field-email\" class=\"elementor-field elementor-size-sm  elementor-field-textual\" placeholder=\"E-Posta Adresi\" required=\"required\">\n\t\t\t\t\t\t\t\t\t\t\t<\/div>\n\t\t\t\t\t\t\t\t<div class=\"elementor-field-type-tel elementor-field-group elementor-column elementor-field-group-phone elementor-col-50 elementor-field-required\">\n\t\t\t\t\t\t\t<input size=\"1\" type=\"tel\" name=\"form_fields[phone]\" id=\"form-field-phone\" class=\"elementor-field elementor-size-sm  elementor-field-textual\" placeholder=\"Telefon Numaras\u0131\" required=\"required\" pattern=\"[0-9()#&amp;+*-=.]+\" title=\"Only numbers and phone characters (#, -, *, etc) are accepted.\">\n\n\t\t\t\t\t\t<\/div>\n\t\t\t\t\t\t\t\t<div class=\"elementor-field-type-text elementor-field-group elementor-column elementor-field-group-product elementor-col-50 elementor-field-required\">\n\t\t\t\t\t\t\t\t\t\t\t\t\t<input size=\"1\" type=\"text\" name=\"form_fields[product]\" id=\"form-field-product\" class=\"elementor-field elementor-size-sm  elementor-field-textual\" placeholder=\"\u00dcr\u00fcn Ad\u0131\" required=\"required\">\n\t\t\t\t\t\t\t\t\t\t\t<\/div>\n\t\t\t\t\t\t\t\t<div class=\"elementor-field-type-text elementor-field-group elementor-column elementor-field-group-count elementor-col-50 elementor-field-required\">\n\t\t\t\t\t\t\t\t\t\t\t\t\t<input size=\"1\" type=\"text\" name=\"form_fields[count]\" id=\"form-field-count\" class=\"elementor-field elementor-size-sm  elementor-field-textual\" placeholder=\"\u00dcr\u00fcn Adedi veya Kg\" required=\"required\">\n\t\t\t\t\t\t\t\t\t\t\t<\/div>\n\t\t\t\t\t\t\t\t<div class=\"elementor-field-type-textarea elementor-field-group elementor-column elementor-field-group-detail elementor-col-100\">\n\t\t\t\t\t<textarea class=\"elementor-field-textual elementor-field  elementor-size-sm\" name=\"form_fields[detail]\" id=\"form-field-detail\" rows=\"4\" placeholder=\"Talep \/ A\u00e7\u0131klama\"><\/textarea>\t\t\t\t<\/div>\n\t\t\t\t\t\t\t\t<div class=\"elementor-field-group elementor-column elementor-field-type-submit elementor-col-100 e-form__buttons\">\n\t\t\t\t\t<button class=\"elementor-button elementor-size-sm\" type=\"submit\">\n\t\t\t\t\t\t<span class=\"elementor-button-content-wrapper\">\n\t\t\t\t\t\t\t\t\t\t\t\t\t\t\t\t\t\t\t\t\t\t<span class=\"elementor-button-text\">Teklif Talebini G\u00f6nder<\/span>\n\t\t\t\t\t\t\t\t\t\t\t\t\t<\/span>\n\t\t\t\t\t<\/button>\n\t\t\t\t<\/div>\n\t\t\t<\/div>\n\t\t<\/form>\n\t\t\t\t\t\t<\/div>\n\t\t\t\t\t<\/div>\n\t\t\t\t<\/div>\n\t\t\t\t<\/div>\n\t\t\t\t\t<\/div>\n\t\t<\/div>\n\t\t\t\t\t\t<\/div>\n\t\t\t\t<\/div>\n\t\t\t\t<\/div>\n\t\t<div class=\"elementor-element elementor-element-391121 e-flex e-con-boxed e-con e-parent\" data-id=\"391121\" data-element_type=\"container\" data-e-type=\"container\">\n\t\t\t\t\t<div class=\"e-con-inner\">\n\t\t\t\t<div class=\"elementor-element elementor-element-72bae354 elementor-widget elementor-widget-spacer\" data-id=\"72bae354\" data-element_type=\"widget\" data-e-type=\"widget\" data-settings=\"{&quot;ekit_we_effect_on&quot;:&quot;none&quot;}\" data-widget_type=\"spacer.default\">\n\t\t\t\t\t\t\t<div class=\"elementor-spacer\">\n\t\t\t<div class=\"elementor-spacer-inner\"><\/div>\n\t\t<\/div>\n\t\t\t\t\t\t<\/div>\n\t\t\t\t\t<\/div>\n\t\t\t\t<\/div>\n\t\t\t\t<\/div>\n\t\t","protected":false},"excerpt":{"rendered":"<p>Pi\u015firme Ka\u011f\u0131d\u0131 Pi\u015firme i\u015flemlerini kolayla\u015ft\u0131ran ve hijyen sa\u011flayan \u00f6zel pi\u015firme ka\u011f\u0131tlar\u0131. \u0130stpack [&hellip;]<\/p>\n","protected":false},"author":1,"featured_media":0,"parent":11633,"menu_order":0,"comment_status":"closed","ping_status":"closed","template":"","meta":{"footnotes":""},"class_list":["post-10984","page","type-page","status-publish","hentry"],"_links":{"self":[{"href":"https:\/\/www.istpack.com\/fr\/wp-json\/wp\/v2\/pages\/10984","targetHints":{"allow":["GET"]}}],"collection":[{"href":"https:\/\/www.istpack.com\/fr\/wp-json\/wp\/v2\/pages"}],"about":[{"href":"https:\/\/www.istpack.com\/fr\/wp-json\/wp\/v2\/types\/page"}],"author":[{"embeddable":true,"href":"https:\/\/www.istpack.com\/fr\/wp-json\/wp\/v2\/users\/1"}],"replies":[{"embeddable":true,"href":"https:\/\/www.istpack.com\/fr\/wp-json\/wp\/v2\/comments?post=10984"}],"version-history":[{"count":16,"href":"https:\/\/www.istpack.com\/fr\/wp-json\/wp\/v2\/pages\/10984\/revisions"}],"predecessor-version":[{"id":12685,"href":"https:\/\/www.istpack.com\/fr\/wp-json\/wp\/v2\/pages\/10984\/revisions\/12685"}],"up":[{"embeddable":true,"href":"https:\/\/www.istpack.com\/fr\/wp-json\/wp\/v2\/pages\/11633"}],"wp:attachment":[{"href":"https:\/\/www.istpack.com\/fr\/wp-json\/wp\/v2\/media?parent=10984"}],"curies":[{"name":"wp","href":"https:\/\/api.w.org\/{rel}","templated":true}]}}