{"id":11025,"date":"2026-03-04T08:18:58","date_gmt":"2026-03-04T08:18:58","guid":{"rendered":"https:\/\/www.istpack.com\/?page_id=11025"},"modified":"2026-03-31T14:35:02","modified_gmt":"2026-03-31T11:35:02","slug":"pochette-a-sandwich","status":"publish","type":"page","link":"https:\/\/www.istpack.com\/fr\/urunler\/ambalaj-kese-kagitlari\/sandvic-kesesi\/","title":{"rendered":"Sachet en Papier Pour Sandwich"},"content":{"rendered":"\t\t<div data-elementor-type=\"wp-page\" data-elementor-id=\"11025\" class=\"elementor elementor-11025\" data-elementor-post-type=\"page\">\n\t\t\t\t<div class=\"elementor-element elementor-element-670991d7 e-con-full e-flex e-con e-parent\" data-id=\"670991d7\" data-element_type=\"container\" data-e-type=\"container\">\n\t\t<div class=\"elementor-element elementor-element-74ce4c6 e-con-full e-flex e-con e-child\" data-id=\"74ce4c6\" data-element_type=\"container\" data-e-type=\"container\">\n\t\t\t\t<div class=\"elementor-element elementor-element-67f07f6e elementor-skin-slideshow elementor-arrows-yes elementor-widget elementor-widget-media-carousel\" data-id=\"67f07f6e\" data-element_type=\"widget\" data-e-type=\"widget\" data-settings=\"{&quot;skin&quot;:&quot;slideshow&quot;,&quot;slideshow_slides_per_view&quot;:&quot;4&quot;,&quot;effect&quot;:&quot;slide&quot;,&quot;show_arrows&quot;:&quot;yes&quot;,&quot;speed&quot;:500,&quot;autoplay&quot;:&quot;yes&quot;,&quot;autoplay_speed&quot;:5000,&quot;loop&quot;:&quot;yes&quot;,&quot;pause_on_hover&quot;:&quot;yes&quot;,&quot;pause_on_interaction&quot;:&quot;yes&quot;,&quot;space_between&quot;:{&quot;unit&quot;:&quot;px&quot;,&quot;size&quot;:10,&quot;sizes&quot;:[]},&quot;space_between_tablet&quot;:{&quot;unit&quot;:&quot;px&quot;,&quot;size&quot;:10,&quot;sizes&quot;:[]},&quot;space_between_mobile&quot;:{&quot;unit&quot;:&quot;px&quot;,&quot;size&quot;:10,&quot;sizes&quot;:[]},&quot;ekit_we_effect_on&quot;:&quot;none&quot;}\" data-widget_type=\"media-carousel.default\">\n\t\t\t\t\t\t\t\t\t\t<div class=\"elementor-main-swiper swiper\" role=\"region\" aria-roledescription=\"carousel\" aria-label=\"Slides\">\n\t\t\t\t<div class=\"swiper-wrapper\">\n\t\t\t\t\t\t\t\t\t\t\t<div class=\"swiper-slide\" role=\"group\" aria-roledescription=\"slide\">\n\t\t\t\t\t\t\t\t\t<div class=\"elementor-carousel-image\" role=\"img\" aria-label=\"sandvi\u00e7 kese\" style=\"background-image: url(&#039;https:\/\/www.istpack.com\/wp-content\/uploads\/2026\/03\/sandvic-kese-scaled.jpg&#039;)\">\n\n\t\t\t\n\t\t\t\t\t<\/div>\n\t\t\t\t\t\t\t\t<\/div>\n\t\t\t\t\t\t\t\t\t<\/div>\n\t\t\t\t\t\t\t<\/div>\n\t\t\t\t\t\t\t\t<\/div>\n\t\t\t\t<\/div>\n\t\t<div class=\"elementor-element elementor-element-3c6acd8a e-con-full e-flex e-con e-child\" data-id=\"3c6acd8a\" data-element_type=\"container\" data-e-type=\"container\">\n\t\t\t\t<div class=\"elementor-element elementor-element-38849ee8 at-heading-animation at-animation-heading-none elementor-widget elementor-widget-heading\" data-id=\"38849ee8\" data-element_type=\"widget\" data-e-type=\"widget\" data-settings=\"{&quot;ekit_we_effect_on&quot;:&quot;none&quot;}\" data-widget_type=\"heading.default\">\n\t\t\t\t\t<h2 class=\"elementor-heading-title elementor-size-default\">Sandvi\u00e7 Kesesi<\/h2>\t\t\t\t<\/div>\n\t\t\t\t<div class=\"elementor-element elementor-element-83f4aa elementor-widget elementor-widget-text-editor\" data-id=\"83f4aa\" data-element_type=\"widget\" data-e-type=\"widget\" data-settings=\"{&quot;ekit_we_effect_on&quot;:&quot;none&quot;}\" data-widget_type=\"text-editor.default\">\n\t\t\t\t\t\t\t\t\t<p>\u0130stpack, sandvi\u00e7leriniz i\u00e7in hijyenik, \u00f6zelle\u015ftirilebilir ve \u00e7evre dostu keseler sunar. Markan\u0131z\u0131 \u00f6ne \u00e7\u0131kar\u0131n!<\/p>\t\t\t\t\t\t\t\t<\/div>\n\t\t\t\t<div class=\"elementor-element elementor-element-78cd5123 elementor-list-item-link-full_width elementor-widget elementor-widget-icon-list\" data-id=\"78cd5123\" data-element_type=\"widget\" data-e-type=\"widget\" data-settings=\"{&quot;ekit_we_effect_on&quot;:&quot;none&quot;}\" data-widget_type=\"icon-list.default\">\n\t\t\t\t\t\t\t<ul class=\"elementor-icon-list-items\">\n\t\t\t\t\t\t\t<li class=\"elementor-icon-list-item\">\n\t\t\t\t\t\t\t\t\t\t\t<span class=\"elementor-icon-list-icon\">\n\t\t\t\t\t\t\t<i aria-hidden=\"true\" class=\"fas fa-dot-circle\"><\/i>\t\t\t\t\t\t<\/span>\n\t\t\t\t\t\t\t\t\t\t<span class=\"elementor-icon-list-text\">Ka\u011f\u0131t Gramajlar\u0131: 30-90<\/span>\n\t\t\t\t\t\t\t\t\t<\/li>\n\t\t\t\t\t\t\t\t<li class=\"elementor-icon-list-item\">\n\t\t\t\t\t\t\t\t\t\t\t<span class=\"elementor-icon-list-icon\">\n\t\t\t\t\t\t\t<i aria-hidden=\"true\" class=\"fas fa-dot-circle\"><\/i>\t\t\t\t\t\t<\/span>\n\t\t\t\t\t\t\t\t\t\t<span class=\"elementor-icon-list-text\">Bask\u0131 Se\u00e7enekleri: Flekso<\/span>\n\t\t\t\t\t\t\t\t\t<\/li>\n\t\t\t\t\t\t\t\t<li class=\"elementor-icon-list-item\">\n\t\t\t\t\t\t\t\t\t\t\t<span class=\"elementor-icon-list-icon\">\n\t\t\t\t\t\t\t<i aria-hidden=\"true\" class=\"fas fa-dot-circle\"><\/i>\t\t\t\t\t\t<\/span>\n\t\t\t\t\t\t\t\t\t\t<span class=\"elementor-icon-list-text\">Laminasyon: Opp - Pe<\/span>\n\t\t\t\t\t\t\t\t\t<\/li>\n\t\t\t\t\t\t\t\t<li class=\"elementor-icon-list-item\">\n\t\t\t\t\t\t\t\t\t\t\t<span class=\"elementor-icon-list-icon\">\n\t\t\t\t\t\t\t<i aria-hidden=\"true\" class=\"fas fa-dot-circle\"><\/i>\t\t\t\t\t\t<\/span>\n\t\t\t\t\t\t\t\t\t\t<span class=\"elementor-icon-list-text\">Renk Se\u00e7enekleri: Beyaz Ya\u011fl\u0131 - Beyaz S\u00fclfit - Kahve \u015eamua - Krem Ya\u011fl\u0131 - Kahve Ya\u011fl\u0131<\/span>\n\t\t\t\t\t\t\t\t\t<\/li>\n\t\t\t\t\t\t\t\t<li class=\"elementor-icon-list-item\">\n\t\t\t\t\t\t\t\t\t\t\t<span class=\"elementor-icon-list-icon\">\n\t\t\t\t\t\t\t<i aria-hidden=\"true\" class=\"fas fa-dot-circle\"><\/i>\t\t\t\t\t\t<\/span>\n\t\t\t\t\t\t\t\t\t\t<span class=\"elementor-icon-list-text\">Pencere Se\u00e7enekleri: Selefon<\/span>\n\t\t\t\t\t\t\t\t\t<\/li>\n\t\t\t\t\t\t<\/ul>\n\t\t\t\t\t\t<\/div>\n\t\t\t\t<\/div>\n\t\t<div class=\"elementor-element elementor-element-457025ce e-con-full e-flex e-con e-child\" data-id=\"457025ce\" data-element_type=\"container\" data-e-type=\"container\">\n\t\t\t\t<div class=\"elementor-element elementor-element-ee323d5 e-n-tabs-none elementor-widget elementor-widget-n-tabs\" data-id=\"ee323d5\" data-element_type=\"widget\" data-e-type=\"widget\" data-settings=\"{&quot;horizontal_scroll&quot;:&quot;disable&quot;,&quot;ekit_we_effect_on&quot;:&quot;none&quot;}\" data-widget_type=\"nested-tabs.default\">\n\t\t\t\t\t\t\t<div class=\"e-n-tabs\" data-widget-number=\"249766869\" aria-label=\"Tabs. Open items with Enter or Space, close with Escape and navigate using the Arrow keys.\">\n\t\t\t<div class=\"e-n-tabs-heading\" role=\"tablist\">\n\t\t\t\t\t<button id=\"e-n-tab-title-2497668691\" data-tab-title-id=\"e-n-tab-title-2497668691\" class=\"e-n-tab-title\" aria-selected=\"true\" data-tab-index=\"1\" role=\"tab\" tabindex=\"0\" aria-controls=\"e-n-tab-content-2497668691\" style=\"--n-tabs-title-order: 1;\">\n\t\t\t\t\t\t<span class=\"e-n-tab-title-text\">\n\t\t\t\tA\u00e7\u0131klama\t\t\t<\/span>\n\t\t<\/button>\n\t\t\t\t<button id=\"e-n-tab-title-2497668692\" data-tab-title-id=\"e-n-tab-title-2497668692\" class=\"e-n-tab-title\" aria-selected=\"false\" data-tab-index=\"2\" role=\"tab\" tabindex=\"-1\" aria-controls=\"e-n-tab-content-2497668692\" style=\"--n-tabs-title-order: 2;\">\n\t\t\t\t\t\t<span class=\"e-n-tab-title-text\">\n\t\t\t\tTeklif Al\t\t\t<\/span>\n\t\t<\/button>\n\t\t\t\t\t<\/div>\n\t\t\t<div class=\"e-n-tabs-content\">\n\t\t\t\t<div id=\"e-n-tab-content-2497668691\" role=\"tabpanel\" aria-labelledby=\"e-n-tab-title-2497668691\" data-tab-index=\"1\" style=\"--n-tabs-title-order: 1;\" class=\"e-active elementor-element elementor-element-6e21bbaa e-con-full e-flex e-con e-child\" data-id=\"6e21bbaa\" data-element_type=\"container\" data-e-type=\"container\">\n\t\t<div class=\"elementor-element elementor-element-49c156b8 e-flex e-con-boxed e-con e-child\" data-id=\"49c156b8\" data-element_type=\"container\" data-e-type=\"container\">\n\t\t\t\t\t<div class=\"e-con-inner\">\n\t\t\t\t<div class=\"elementor-element elementor-element-1d248c17 elementor-widget elementor-widget-text-editor\" data-id=\"1d248c17\" data-element_type=\"widget\" data-e-type=\"widget\" data-settings=\"{&quot;ekit_we_effect_on&quot;:&quot;none&quot;}\" data-widget_type=\"text-editor.default\">\n\t\t\t\t\t\t\t\t\t<p>Sandvi\u00e7 kesesi, fast food ve paket servis sekt\u00f6r\u00fcnde sandvi\u00e7lerin hijyenik, pratik ve estetik \u015fekilde sunulmas\u0131 i\u00e7in tasarlanm\u0131\u015f g\u0131da temas\u0131na uygun ka\u011f\u0131t ambalaj \u00e7\u00f6z\u00fcm\u00fcd\u00fcr. Nefes alabilir yap\u0131s\u0131 ve dayan\u0131kl\u0131 ka\u011f\u0131t y\u00fczeyi sayesinde \u00fcr\u00fcnlerin tazeli\u011fini korurken temiz bir servis sa\u011flar.<\/p><p>G\u0131da temas\u0131na uygun kraft veya beyaz ka\u011f\u0131ttan \u00fcretilen sandvi\u00e7 keseleri; \u00fcr\u00fcn\u00fcn formunu koruyarak kolay ta\u015f\u0131nmas\u0131n\u0131 sa\u011flar. Ya\u011f ve nem dayan\u0131m\u0131 art\u0131r\u0131lm\u0131\u015f ka\u011f\u0131t se\u00e7enekleri sayesinde soslu veya s\u0131cak sandvi\u00e7lerde g\u00fcvenle kullan\u0131labilir.<\/p><p>Flexo veya ofset bask\u0131ya uygun y\u00fczeyi sayesinde marka logolar\u0131 ve \u00f6zel tasar\u0131mlar uygulanarak i\u015fletmenize \u00f6zel ambalaj \u00e7\u00f6z\u00fcmleri \u00fcretilebilir. D\u00fcz veya k\u00f6r\u00fckl\u00fc modeller servis h\u0131z\u0131n\u0131 art\u0131r\u0131r ve pratik kullan\u0131m sunar.<\/p><p>Kafeler, pastaneler, fast food restoranlar\u0131, paket servis i\u015fletmeleri, b\u00fcfeler ve marketler i\u00e7in idealdir. Sandvi\u00e7, tost, baget ekmek ve benzeri \u00fcr\u00fcnlerin hijyenik sunumunda kullan\u0131l\u0131r.<\/p><p>Farkl\u0131 \u00f6l\u00e7\u00fc, gramaj ve bask\u0131 se\u00e7enekleriyle i\u015fletmenize \u00f6zel sandvi\u00e7 kesesi \u00fcretimi yap\u0131lmaktad\u0131r. Detayl\u0131 bilgi ve teklif almak i\u00e7in bizimle ileti\u015fime ge\u00e7ebilirsiniz.<\/p>\t\t\t\t\t\t\t\t<\/div>\n\t\t\t\t\t<\/div>\n\t\t\t\t<\/div>\n\t\t\t\t<\/div>\n\t\t<div id=\"e-n-tab-content-2497668692\" role=\"tabpanel\" aria-labelledby=\"e-n-tab-title-2497668692\" data-tab-index=\"2\" style=\"--n-tabs-title-order: 2;\" class=\" elementor-element elementor-element-76e8d6d1 e-con-full e-flex e-con e-child\" data-id=\"76e8d6d1\" data-element_type=\"container\" data-e-type=\"container\">\n\t\t<div class=\"elementor-element elementor-element-8c08cc3 e-flex e-con-boxed e-con e-child\" data-id=\"8c08cc3\" data-element_type=\"container\" data-e-type=\"container\">\n\t\t\t\t\t<div class=\"e-con-inner\">\n\t\t\t\t<div class=\"elementor-element elementor-element-0fca320 at-heading-animation at-animation-heading-none elementor-widget elementor-widget-heading\" data-id=\"0fca320\" data-element_type=\"widget\" data-e-type=\"widget\" data-settings=\"{&quot;ekit_we_effect_on&quot;:&quot;none&quot;}\" data-widget_type=\"heading.default\">\n\t\t\t\t\t<h2 class=\"elementor-heading-title elementor-size-default\">Teklif Formu<\/h2>\t\t\t\t<\/div>\n\t\t\t\t<div class=\"elementor-element elementor-element-8b30de3 elementor-button-align-center elementor-widget elementor-widget-form\" data-id=\"8b30de3\" data-element_type=\"widget\" data-e-type=\"widget\" data-settings=\"{&quot;step_next_label&quot;:&quot;Sonraki&quot;,&quot;step_previous_label&quot;:&quot;\\u00d6nceki&quot;,&quot;step_type&quot;:&quot;number_text&quot;,&quot;step_icon_shape&quot;:&quot;circle&quot;,&quot;ekit_we_effect_on&quot;:&quot;none&quot;}\" data-widget_type=\"form.default\">\n\t\t\t\t\t\t\t<form class=\"elementor-form\" method=\"post\" name=\"Teklif Formu\" aria-label=\"Teklif Formu\">\n\t\t\t<input type=\"hidden\" name=\"post_id\" value=\"11025\"\/>\n\t\t\t<input type=\"hidden\" name=\"form_id\" value=\"8b30de3\"\/>\n\t\t\t<input type=\"hidden\" name=\"referer_title\" value=\"\" \/>\n\n\t\t\t\n\t\t\t<div class=\"elementor-form-fields-wrapper elementor-labels-above\">\n\t\t\t\t\t\t\t\t<div class=\"elementor-field-type-text elementor-field-group elementor-column elementor-field-group-name elementor-col-50 elementor-field-required\">\n\t\t\t\t\t\t\t\t\t\t\t\t\t<input size=\"1\" type=\"text\" name=\"form_fields[name]\" id=\"form-field-name\" class=\"elementor-field elementor-size-sm  elementor-field-textual\" placeholder=\"Ad\" required=\"required\">\n\t\t\t\t\t\t\t\t\t\t\t<\/div>\n\t\t\t\t\t\t\t\t<div class=\"elementor-field-type-text elementor-field-group elementor-column elementor-field-group-last_name elementor-col-50 elementor-field-required\">\n\t\t\t\t\t\t\t\t\t\t\t\t\t<input size=\"1\" type=\"text\" name=\"form_fields[last_name]\" id=\"form-field-last_name\" class=\"elementor-field elementor-size-sm  elementor-field-textual\" placeholder=\"Soyad\" required=\"required\">\n\t\t\t\t\t\t\t\t\t\t\t<\/div>\n\t\t\t\t\t\t\t\t<div class=\"elementor-field-type-text elementor-field-group elementor-column elementor-field-group-company elementor-col-50 elementor-field-required\">\n\t\t\t\t\t\t\t\t\t\t\t\t\t<input size=\"1\" type=\"text\" name=\"form_fields[company]\" id=\"form-field-company\" class=\"elementor-field elementor-size-sm  elementor-field-textual\" placeholder=\"\u015eirket Ad\u0131\" required=\"required\">\n\t\t\t\t\t\t\t\t\t\t\t<\/div>\n\t\t\t\t\t\t\t\t<div class=\"elementor-field-type-email elementor-field-group elementor-column elementor-field-group-email elementor-col-50 elementor-field-required\">\n\t\t\t\t\t\t\t\t\t\t\t\t\t<input size=\"1\" type=\"email\" name=\"form_fields[email]\" id=\"form-field-email\" class=\"elementor-field elementor-size-sm  elementor-field-textual\" placeholder=\"E-Posta Adresi\" required=\"required\">\n\t\t\t\t\t\t\t\t\t\t\t<\/div>\n\t\t\t\t\t\t\t\t<div class=\"elementor-field-type-tel elementor-field-group elementor-column elementor-field-group-phone elementor-col-50 elementor-field-required\">\n\t\t\t\t\t\t\t<input size=\"1\" type=\"tel\" name=\"form_fields[phone]\" id=\"form-field-phone\" class=\"elementor-field elementor-size-sm  elementor-field-textual\" placeholder=\"Telefon Numaras\u0131\" required=\"required\" pattern=\"[0-9()#&amp;+*-=.]+\" title=\"Only numbers and phone characters (#, -, *, etc) are accepted.\">\n\n\t\t\t\t\t\t<\/div>\n\t\t\t\t\t\t\t\t<div class=\"elementor-field-type-text elementor-field-group elementor-column elementor-field-group-product elementor-col-50 elementor-field-required\">\n\t\t\t\t\t\t\t\t\t\t\t\t\t<input size=\"1\" type=\"text\" name=\"form_fields[product]\" id=\"form-field-product\" class=\"elementor-field elementor-size-sm  elementor-field-textual\" placeholder=\"\u00dcr\u00fcn Ad\u0131\" required=\"required\">\n\t\t\t\t\t\t\t\t\t\t\t<\/div>\n\t\t\t\t\t\t\t\t<div class=\"elementor-field-type-text elementor-field-group elementor-column elementor-field-group-count elementor-col-50 elementor-field-required\">\n\t\t\t\t\t\t\t\t\t\t\t\t\t<input size=\"1\" type=\"text\" name=\"form_fields[count]\" id=\"form-field-count\" class=\"elementor-field elementor-size-sm  elementor-field-textual\" placeholder=\"\u00dcr\u00fcn Adedi veya Kg\" required=\"required\">\n\t\t\t\t\t\t\t\t\t\t\t<\/div>\n\t\t\t\t\t\t\t\t<div class=\"elementor-field-type-textarea elementor-field-group elementor-column elementor-field-group-detail elementor-col-100\">\n\t\t\t\t\t<textarea class=\"elementor-field-textual elementor-field  elementor-size-sm\" name=\"form_fields[detail]\" id=\"form-field-detail\" rows=\"4\" placeholder=\"Talep \/ A\u00e7\u0131klama\"><\/textarea>\t\t\t\t<\/div>\n\t\t\t\t\t\t\t\t<div class=\"elementor-field-group elementor-column elementor-field-type-submit elementor-col-100 e-form__buttons\">\n\t\t\t\t\t<button class=\"elementor-button elementor-size-sm\" type=\"submit\">\n\t\t\t\t\t\t<span class=\"elementor-button-content-wrapper\">\n\t\t\t\t\t\t\t\t\t\t\t\t\t\t\t\t\t\t\t\t\t\t<span class=\"elementor-button-text\">Teklif Talebini G\u00f6nder<\/span>\n\t\t\t\t\t\t\t\t\t\t\t\t\t<\/span>\n\t\t\t\t\t<\/button>\n\t\t\t\t<\/div>\n\t\t\t<\/div>\n\t\t<\/form>\n\t\t\t\t\t\t<\/div>\n\t\t\t\t\t<\/div>\n\t\t\t\t<\/div>\n\t\t\t\t<\/div>\n\t\t\t\t\t<\/div>\n\t\t<\/div>\n\t\t\t\t\t\t<\/div>\n\t\t\t\t<\/div>\n\t\t\t\t<\/div>\n\t\t<div class=\"elementor-element elementor-element-391121 e-flex e-con-boxed e-con e-parent\" data-id=\"391121\" data-element_type=\"container\" data-e-type=\"container\">\n\t\t\t\t\t<div class=\"e-con-inner\">\n\t\t\t\t<div class=\"elementor-element elementor-element-72bae354 elementor-widget elementor-widget-spacer\" data-id=\"72bae354\" data-element_type=\"widget\" data-e-type=\"widget\" data-settings=\"{&quot;ekit_we_effect_on&quot;:&quot;none&quot;}\" data-widget_type=\"spacer.default\">\n\t\t\t\t\t\t\t<div class=\"elementor-spacer\">\n\t\t\t<div class=\"elementor-spacer-inner\"><\/div>\n\t\t<\/div>\n\t\t\t\t\t\t<\/div>\n\t\t\t\t\t<\/div>\n\t\t\t\t<\/div>\n\t\t\t\t<\/div>\n\t\t","protected":false},"excerpt":{"rendered":"<p>Sandvi\u00e7 Kesesi \u0130stpack, sandvi\u00e7leriniz i\u00e7in hijyenik, \u00f6zelle\u015ftirilebilir ve \u00e7evre dostu keseler sunar. [&hellip;]<\/p>\n","protected":false},"author":1,"featured_media":0,"parent":11633,"menu_order":0,"comment_status":"closed","ping_status":"closed","template":"","meta":{"footnotes":""},"class_list":["post-11025","page","type-page","status-publish","hentry"],"_links":{"self":[{"href":"https:\/\/www.istpack.com\/fr\/wp-json\/wp\/v2\/pages\/11025","targetHints":{"allow":["GET"]}}],"collection":[{"href":"https:\/\/www.istpack.com\/fr\/wp-json\/wp\/v2\/pages"}],"about":[{"href":"https:\/\/www.istpack.com\/fr\/wp-json\/wp\/v2\/types\/page"}],"author":[{"embeddable":true,"href":"https:\/\/www.istpack.com\/fr\/wp-json\/wp\/v2\/users\/1"}],"replies":[{"embeddable":true,"href":"https:\/\/www.istpack.com\/fr\/wp-json\/wp\/v2\/comments?post=11025"}],"version-history":[{"count":10,"href":"https:\/\/www.istpack.com\/fr\/wp-json\/wp\/v2\/pages\/11025\/revisions"}],"predecessor-version":[{"id":12499,"href":"https:\/\/www.istpack.com\/fr\/wp-json\/wp\/v2\/pages\/11025\/revisions\/12499"}],"up":[{"embeddable":true,"href":"https:\/\/www.istpack.com\/fr\/wp-json\/wp\/v2\/pages\/11633"}],"wp:attachment":[{"href":"https:\/\/www.istpack.com\/fr\/wp-json\/wp\/v2\/media?parent=11025"}],"curies":[{"name":"wp","href":"https:\/\/api.w.org\/{rel}","templated":true}]}}