{"id":11691,"date":"2026-03-04T14:52:56","date_gmt":"2026-03-04T14:52:56","guid":{"rendered":"https:\/\/www.istpack.com\/?page_id=11691"},"modified":"2026-03-31T14:53:01","modified_gmt":"2026-03-31T11:53:01","slug":"urun-kutulari","status":"publish","type":"page","link":"https:\/\/www.istpack.com\/fr\/urunler\/urun-kutulari\/","title":{"rendered":"Emballages Des Produits"},"content":{"rendered":"<div data-elementor-type=\"wp-page\" data-elementor-id=\"11691\" class=\"elementor elementor-11691\" data-elementor-post-type=\"page\">\n\t\t\t\t<div class=\"elementor-element elementor-element-159db509 e-flex e-con-boxed e-con e-parent\" data-id=\"159db509\" data-element_type=\"container\" data-e-type=\"container\">\n\t\t\t\t\t<div class=\"e-con-inner\">\n\t\t<div class=\"elementor-element elementor-element-2f65373b e-con-full e-flex e-con e-child\" data-id=\"2f65373b\" data-element_type=\"container\" data-e-type=\"container\">\n\t\t<div class=\"elementor-element elementor-element-988e032 e-con-full e-flex elementor-invisible e-con e-child\" data-id=\"988e032\" data-element_type=\"container\" data-e-type=\"container\" data-settings=\"{&quot;animation&quot;:&quot;fadeInUp&quot;}\">\n\t\t\t\t<div class=\"elementor-element elementor-element-6dd7f68e at-shiny-glass-effect at-image-animation at-animation-image-none elementor-widget elementor-widget-image\" data-id=\"6dd7f68e\" data-element_type=\"widget\" data-e-type=\"widget\" data-settings=\"{&quot;ekit_we_effect_on&quot;:&quot;none&quot;}\" data-widget_type=\"image.default\">\n\t\t\t\t\t\t\t\t\t\t\t\t\t\t\t\t<a href=\"https:\/\/www.istpack.com\/fr\/gida-takviye-kutusu\/\">\n\t\t\t\t\t\t\t<img fetchpriority=\"high\" decoding=\"async\" width=\"2560\" height=\"2560\" src=\"https:\/\/www.istpack.com\/wp-content\/uploads\/2026\/03\/gida-takviye-kutusu-scaled.jpg\" class=\"attachment-full size-full wp-image-11385\" alt=\"\" srcset=\"https:\/\/www.istpack.com\/wp-content\/uploads\/2026\/03\/gida-takviye-kutusu-scaled.jpg 2560w, https:\/\/www.istpack.com\/wp-content\/uploads\/2026\/03\/gida-takviye-kutusu-300x300.jpg 300w, https:\/\/www.istpack.com\/wp-content\/uploads\/2026\/03\/gida-takviye-kutusu-1024x1024.jpg 1024w, https:\/\/www.istpack.com\/wp-content\/uploads\/2026\/03\/gida-takviye-kutusu-150x150.jpg 150w, https:\/\/www.istpack.com\/wp-content\/uploads\/2026\/03\/gida-takviye-kutusu-768x768.jpg 768w, https:\/\/www.istpack.com\/wp-content\/uploads\/2026\/03\/gida-takviye-kutusu-1536x1536.jpg 1536w, https:\/\/www.istpack.com\/wp-content\/uploads\/2026\/03\/gida-takviye-kutusu-2048x2048.jpg 2048w\" sizes=\"(max-width: 2560px) 100vw, 2560px\" \/>\t\t\t\t\t\t\t\t<\/a>\n\t\t\t\t\t\t\t\t\t\t\t\t\t\t\t<\/div>\n\t\t\t\t<div class=\"elementor-element elementor-element-010b039 elementor-absolute service-content elementor-widget elementor-widget-icon-box\" data-id=\"010b039\" data-element_type=\"widget\" data-e-type=\"widget\" data-settings=\"{&quot;_position&quot;:&quot;absolute&quot;,&quot;ekit_we_effect_on&quot;:&quot;none&quot;}\" data-widget_type=\"icon-box.default\">\n\t\t\t\t\t\t\t<div class=\"elementor-icon-box-wrapper\">\n\n\t\t\t\n\t\t\t\t\t\t<div class=\"elementor-icon-box-content\">\n\n\t\t\t\t\t\t\t\t\t<h3 class=\"elementor-icon-box-title\">\n\t\t\t\t\t\t<a href=\"https:\/\/www.istpack.com\/fr\/gida-takviye-kutusu\/\" >\n\t\t\t\t\t\t\tCoffret de Compl\u00e9ments Alimentaires\t\t\t\t\t\t<\/a>\n\t\t\t\t\t<\/h3>\n\t\t\t\t\n\t\t\t\t\n\t\t\t<\/div>\n\t\t\t\n\t\t<\/div>\n\t\t\t\t\t\t<\/div>\n\t\t\t\t<\/div>\n\t\t<div class=\"elementor-element elementor-element-6e883ac5 e-con-full service-item  e-flex elementor-invisible e-con e-child\" data-id=\"6e883ac5\" data-element_type=\"container\" data-e-type=\"container\" data-settings=\"{&quot;animation&quot;:&quot;fadeInUp&quot;,&quot;animation_delay&quot;:100}\">\n\t\t\t\t<div class=\"elementor-element elementor-element-5e412240 at-shiny-glass-effect at-image-animation at-animation-image-none elementor-widget elementor-widget-image\" data-id=\"5e412240\" data-element_type=\"widget\" data-e-type=\"widget\" data-settings=\"{&quot;ekit_we_effect_on&quot;:&quot;none&quot;}\" data-widget_type=\"image.default\">\n\t\t\t\t\t\t\t\t\t\t\t\t\t\t\t\t<a href=\"https:\/\/www.istpack.com\/fr\/medikal-urun-kutusu\/\">\n\t\t\t\t\t\t\t<img decoding=\"async\" width=\"2560\" height=\"2560\" src=\"https:\/\/www.istpack.com\/wp-content\/uploads\/2026\/03\/medikal-kutu-scaled.jpg\" class=\"attachment-full size-full wp-image-11392\" alt=\"\" srcset=\"https:\/\/www.istpack.com\/wp-content\/uploads\/2026\/03\/medikal-kutu-scaled.jpg 2560w, https:\/\/www.istpack.com\/wp-content\/uploads\/2026\/03\/medikal-kutu-300x300.jpg 300w, https:\/\/www.istpack.com\/wp-content\/uploads\/2026\/03\/medikal-kutu-1024x1024.jpg 1024w, https:\/\/www.istpack.com\/wp-content\/uploads\/2026\/03\/medikal-kutu-150x150.jpg 150w, https:\/\/www.istpack.com\/wp-content\/uploads\/2026\/03\/medikal-kutu-768x768.jpg 768w, https:\/\/www.istpack.com\/wp-content\/uploads\/2026\/03\/medikal-kutu-1536x1536.jpg 1536w, https:\/\/www.istpack.com\/wp-content\/uploads\/2026\/03\/medikal-kutu-2048x2048.jpg 2048w\" sizes=\"(max-width: 2560px) 100vw, 2560px\" \/>\t\t\t\t\t\t\t\t<\/a>\n\t\t\t\t\t\t\t\t\t\t\t\t\t\t\t<\/div>\n\t\t\t\t<div class=\"elementor-element elementor-element-2b1a72e elementor-absolute service-content elementor-widget elementor-widget-icon-box\" data-id=\"2b1a72e\" data-element_type=\"widget\" data-e-type=\"widget\" data-settings=\"{&quot;_position&quot;:&quot;absolute&quot;,&quot;ekit_we_effect_on&quot;:&quot;none&quot;}\" data-widget_type=\"icon-box.default\">\n\t\t\t\t\t\t\t<div class=\"elementor-icon-box-wrapper\">\n\n\t\t\t\n\t\t\t\t\t\t<div class=\"elementor-icon-box-content\">\n\n\t\t\t\t\t\t\t\t\t<h3 class=\"elementor-icon-box-title\">\n\t\t\t\t\t\t<a href=\"https:\/\/www.istpack.com\/fr\/medikal-urun-kutusu\/\" >\n\t\t\t\t\t\t\tBo\u00eete de Produits M\u00e9dicaux\t\t\t\t\t\t<\/a>\n\t\t\t\t\t<\/h3>\n\t\t\t\t\n\t\t\t\t\n\t\t\t<\/div>\n\t\t\t\n\t\t<\/div>\n\t\t\t\t\t\t<\/div>\n\t\t\t\t<\/div>\n\t\t<div class=\"elementor-element elementor-element-96cabf7 e-con-full e-flex elementor-invisible e-con e-child\" data-id=\"96cabf7\" data-element_type=\"container\" data-e-type=\"container\" data-settings=\"{&quot;animation&quot;:&quot;fadeInUp&quot;,&quot;animation_delay&quot;:200}\">\n\t\t\t\t<div class=\"elementor-element elementor-element-75c1f348 at-shiny-glass-effect at-image-animation at-animation-image-none elementor-widget elementor-widget-image\" data-id=\"75c1f348\" data-element_type=\"widget\" data-e-type=\"widget\" data-settings=\"{&quot;ekit_we_effect_on&quot;:&quot;none&quot;}\" data-widget_type=\"image.default\">\n\t\t\t\t\t\t\t\t\t\t\t\t\t\t\t\t<a href=\"https:\/\/www.istpack.com\/fr\/kozmetik-kutusu\/\">\n\t\t\t\t\t\t\t<img decoding=\"async\" width=\"2560\" height=\"2560\" src=\"https:\/\/www.istpack.com\/wp-content\/uploads\/2026\/03\/Kozmetik-kutusu-scaled.jpg\" class=\"attachment-full size-full wp-image-11410\" alt=\"\" srcset=\"https:\/\/www.istpack.com\/wp-content\/uploads\/2026\/03\/Kozmetik-kutusu-scaled.jpg 2560w, https:\/\/www.istpack.com\/wp-content\/uploads\/2026\/03\/Kozmetik-kutusu-300x300.jpg 300w, https:\/\/www.istpack.com\/wp-content\/uploads\/2026\/03\/Kozmetik-kutusu-1024x1024.jpg 1024w, https:\/\/www.istpack.com\/wp-content\/uploads\/2026\/03\/Kozmetik-kutusu-150x150.jpg 150w, https:\/\/www.istpack.com\/wp-content\/uploads\/2026\/03\/Kozmetik-kutusu-768x768.jpg 768w, https:\/\/www.istpack.com\/wp-content\/uploads\/2026\/03\/Kozmetik-kutusu-1536x1536.jpg 1536w, https:\/\/www.istpack.com\/wp-content\/uploads\/2026\/03\/Kozmetik-kutusu-2048x2048.jpg 2048w\" sizes=\"(max-width: 2560px) 100vw, 2560px\" \/>\t\t\t\t\t\t\t\t<\/a>\n\t\t\t\t\t\t\t\t\t\t\t\t\t\t\t<\/div>\n\t\t\t\t<div class=\"elementor-element elementor-element-315dc18 elementor-absolute service-content elementor-widget elementor-widget-icon-box\" data-id=\"315dc18\" data-element_type=\"widget\" data-e-type=\"widget\" data-settings=\"{&quot;_position&quot;:&quot;absolute&quot;,&quot;ekit_we_effect_on&quot;:&quot;none&quot;}\" data-widget_type=\"icon-box.default\">\n\t\t\t\t\t\t\t<div class=\"elementor-icon-box-wrapper\">\n\n\t\t\t\n\t\t\t\t\t\t<div class=\"elementor-icon-box-content\">\n\n\t\t\t\t\t\t\t\t\t<h3 class=\"elementor-icon-box-title\">\n\t\t\t\t\t\t<a href=\"https:\/\/www.istpack.com\/fr\/kozmetik-kutusu\/\" >\n\t\t\t\t\t\t\tTrousse de Maquillage\t\t\t\t\t\t<\/a>\n\t\t\t\t\t<\/h3>\n\t\t\t\t\n\t\t\t\t\n\t\t\t<\/div>\n\t\t\t\n\t\t<\/div>\n\t\t\t\t\t\t<\/div>\n\t\t\t\t<\/div>\n\t\t<div class=\"elementor-element elementor-element-649494ef e-con-full e-flex elementor-invisible e-con e-child\" data-id=\"649494ef\" data-element_type=\"container\" data-e-type=\"container\" data-settings=\"{&quot;animation&quot;:&quot;fadeInUp&quot;,&quot;animation_delay&quot;:300}\">\n\t\t\t\t<div class=\"elementor-element elementor-element-658c67e2 at-shiny-glass-effect at-image-animation at-animation-image-none elementor-widget elementor-widget-image\" data-id=\"658c67e2\" data-element_type=\"widget\" data-e-type=\"widget\" data-settings=\"{&quot;ekit_we_effect_on&quot;:&quot;none&quot;}\" data-widget_type=\"image.default\">\n\t\t\t\t\t\t\t\t\t\t\t\t\t\t\t\t<a href=\"https:\/\/www.istpack.com\/fr\/peynir-kutusu\/\">\n\t\t\t\t\t\t\t<img loading=\"lazy\" decoding=\"async\" width=\"2560\" height=\"2560\" src=\"https:\/\/www.istpack.com\/wp-content\/uploads\/2026\/03\/Peynir-Kutusu-2-scaled.jpg\" class=\"attachment-full size-full wp-image-11403\" alt=\"\" srcset=\"https:\/\/www.istpack.com\/wp-content\/uploads\/2026\/03\/Peynir-Kutusu-2-scaled.jpg 2560w, https:\/\/www.istpack.com\/wp-content\/uploads\/2026\/03\/Peynir-Kutusu-2-300x300.jpg 300w, https:\/\/www.istpack.com\/wp-content\/uploads\/2026\/03\/Peynir-Kutusu-2-1024x1024.jpg 1024w, https:\/\/www.istpack.com\/wp-content\/uploads\/2026\/03\/Peynir-Kutusu-2-150x150.jpg 150w, https:\/\/www.istpack.com\/wp-content\/uploads\/2026\/03\/Peynir-Kutusu-2-768x768.jpg 768w, https:\/\/www.istpack.com\/wp-content\/uploads\/2026\/03\/Peynir-Kutusu-2-1536x1536.jpg 1536w, https:\/\/www.istpack.com\/wp-content\/uploads\/2026\/03\/Peynir-Kutusu-2-2048x2048.jpg 2048w\" sizes=\"(max-width: 2560px) 100vw, 2560px\" \/>\t\t\t\t\t\t\t\t<\/a>\n\t\t\t\t\t\t\t\t\t\t\t\t\t\t\t<\/div>\n\t\t\t\t<div class=\"elementor-element elementor-element-c2aa8a2 elementor-absolute service-content elementor-widget elementor-widget-icon-box\" data-id=\"c2aa8a2\" data-element_type=\"widget\" data-e-type=\"widget\" data-settings=\"{&quot;_position&quot;:&quot;absolute&quot;,&quot;ekit_we_effect_on&quot;:&quot;none&quot;}\" data-widget_type=\"icon-box.default\">\n\t\t\t\t\t\t\t<div class=\"elementor-icon-box-wrapper\">\n\n\t\t\t\n\t\t\t\t\t\t<div class=\"elementor-icon-box-content\">\n\n\t\t\t\t\t\t\t\t\t<h3 class=\"elementor-icon-box-title\">\n\t\t\t\t\t\t<a href=\"https:\/\/www.istpack.com\/fr\/noodle-box\/\" >\n\t\t\t\t\t\t\tCoffret de Fromages\t\t\t\t\t\t<\/a>\n\t\t\t\t\t<\/h3>\n\t\t\t\t\n\t\t\t\t\n\t\t\t<\/div>\n\t\t\t\n\t\t<\/div>\n\t\t\t\t\t\t<\/div>\n\t\t\t\t<\/div>\n\t\t<div class=\"elementor-element elementor-element-10fb2473 e-con-full e-flex elementor-invisible e-con e-child\" data-id=\"10fb2473\" data-element_type=\"container\" data-e-type=\"container\" data-settings=\"{&quot;animation&quot;:&quot;fadeInUp&quot;,&quot;animation_delay&quot;:400}\">\n\t\t\t\t<div class=\"elementor-element elementor-element-67fd5718 at-shiny-glass-effect at-image-animation at-animation-image-none elementor-widget elementor-widget-image\" data-id=\"67fd5718\" data-element_type=\"widget\" data-e-type=\"widget\" data-settings=\"{&quot;ekit_we_effect_on&quot;:&quot;none&quot;}\" data-widget_type=\"image.default\">\n\t\t\t\t\t\t\t\t\t\t\t\t\t\t\t\t<a href=\"https:\/\/www.istpack.com\/fr\/parfum-kutusu\/\">\n\t\t\t\t\t\t\t<img loading=\"lazy\" decoding=\"async\" width=\"2560\" height=\"2560\" src=\"https:\/\/www.istpack.com\/wp-content\/uploads\/2026\/03\/parfum-kutusu-scaled.jpg\" class=\"attachment-full size-full wp-image-11399\" alt=\"\" srcset=\"https:\/\/www.istpack.com\/wp-content\/uploads\/2026\/03\/parfum-kutusu-scaled.jpg 2560w, https:\/\/www.istpack.com\/wp-content\/uploads\/2026\/03\/parfum-kutusu-300x300.jpg 300w, https:\/\/www.istpack.com\/wp-content\/uploads\/2026\/03\/parfum-kutusu-1024x1024.jpg 1024w, https:\/\/www.istpack.com\/wp-content\/uploads\/2026\/03\/parfum-kutusu-150x150.jpg 150w, https:\/\/www.istpack.com\/wp-content\/uploads\/2026\/03\/parfum-kutusu-768x768.jpg 768w, https:\/\/www.istpack.com\/wp-content\/uploads\/2026\/03\/parfum-kutusu-1536x1536.jpg 1536w, https:\/\/www.istpack.com\/wp-content\/uploads\/2026\/03\/parfum-kutusu-2048x2048.jpg 2048w\" sizes=\"(max-width: 2560px) 100vw, 2560px\" \/>\t\t\t\t\t\t\t\t<\/a>\n\t\t\t\t\t\t\t\t\t\t\t\t\t\t\t<\/div>\n\t\t\t\t<div class=\"elementor-element elementor-element-c8b15b0 elementor-absolute service-content elementor-widget elementor-widget-icon-box\" data-id=\"c8b15b0\" data-element_type=\"widget\" data-e-type=\"widget\" data-settings=\"{&quot;_position&quot;:&quot;absolute&quot;,&quot;ekit_we_effect_on&quot;:&quot;none&quot;}\" data-widget_type=\"icon-box.default\">\n\t\t\t\t\t\t\t<div class=\"elementor-icon-box-wrapper\">\n\n\t\t\t\n\t\t\t\t\t\t<div class=\"elementor-icon-box-content\">\n\n\t\t\t\t\t\t\t\t\t<h3 class=\"elementor-icon-box-title\">\n\t\t\t\t\t\t<a href=\"https:\/\/www.istpack.com\/fr\/parfum-kutusu\/\" >\n\t\t\t\t\t\t\tBo\u00eete \u00e0 Parfum\t\t\t\t\t\t<\/a>\n\t\t\t\t\t<\/h3>\n\t\t\t\t\n\t\t\t\t\n\t\t\t<\/div>\n\t\t\t\n\t\t<\/div>\n\t\t\t\t\t\t<\/div>\n\t\t\t\t<\/div>\n\t\t<div class=\"elementor-element elementor-element-34fb606 e-con-full e-flex elementor-invisible e-con e-child\" data-id=\"34fb606\" data-element_type=\"container\" data-e-type=\"container\" data-settings=\"{&quot;animation&quot;:&quot;fadeInUp&quot;,&quot;animation_delay&quot;:400}\">\n\t\t\t\t<div class=\"elementor-element elementor-element-0c433e2 at-shiny-glass-effect at-image-animation at-animation-image-none elementor-widget elementor-widget-image\" data-id=\"0c433e2\" data-element_type=\"widget\" data-e-type=\"widget\" data-settings=\"{&quot;ekit_we_effect_on&quot;:&quot;none&quot;}\" data-widget_type=\"image.default\">\n\t\t\t\t\t\t\t\t\t\t\t\t\t\t\t\t<a href=\"https:\/\/www.istpack.com\/fr\/kahve-kutusu\/\">\n\t\t\t\t\t\t\t<img loading=\"lazy\" decoding=\"async\" width=\"1500\" height=\"1500\" src=\"https:\/\/www.istpack.com\/wp-content\/uploads\/2026\/03\/kapsul_kahveler.jpg\" class=\"attachment-full size-full wp-image-12091\" alt=\"\" srcset=\"https:\/\/www.istpack.com\/wp-content\/uploads\/2026\/03\/kapsul_kahveler.jpg 1500w, https:\/\/www.istpack.com\/wp-content\/uploads\/2026\/03\/kapsul_kahveler-300x300.jpg 300w, https:\/\/www.istpack.com\/wp-content\/uploads\/2026\/03\/kapsul_kahveler-1024x1024.jpg 1024w, https:\/\/www.istpack.com\/wp-content\/uploads\/2026\/03\/kapsul_kahveler-150x150.jpg 150w, https:\/\/www.istpack.com\/wp-content\/uploads\/2026\/03\/kapsul_kahveler-768x768.jpg 768w, https:\/\/www.istpack.com\/wp-content\/uploads\/2026\/03\/kapsul_kahveler-12x12.jpg 12w\" sizes=\"(max-width: 1500px) 100vw, 1500px\" \/>\t\t\t\t\t\t\t\t<\/a>\n\t\t\t\t\t\t\t\t\t\t\t\t\t\t\t<\/div>\n\t\t\t\t<div class=\"elementor-element elementor-element-b06338f elementor-absolute service-content elementor-widget elementor-widget-icon-box\" data-id=\"b06338f\" data-element_type=\"widget\" data-e-type=\"widget\" data-settings=\"{&quot;_position&quot;:&quot;absolute&quot;,&quot;ekit_we_effect_on&quot;:&quot;none&quot;}\" data-widget_type=\"icon-box.default\">\n\t\t\t\t\t\t\t<div class=\"elementor-icon-box-wrapper\">\n\n\t\t\t\n\t\t\t\t\t\t<div class=\"elementor-icon-box-content\">\n\n\t\t\t\t\t\t\t\t\t<h3 class=\"elementor-icon-box-title\">\n\t\t\t\t\t\t<a href=\"https:\/\/www.istpack.com\/fr\/kahve-kutusu\/\" >\n\t\t\t\t\t\t\tBo\u00eete \u00e0 Caf\u00e9\t\t\t\t\t\t<\/a>\n\t\t\t\t\t<\/h3>\n\t\t\t\t\n\t\t\t\t\n\t\t\t<\/div>\n\t\t\t\n\t\t<\/div>\n\t\t\t\t\t\t<\/div>\n\t\t\t\t<\/div>\n\t\t\t\t<\/div>\n\t\t\t\t\t<\/div>\n\t\t\t\t<\/div>\n\t\t\t\t<\/div>","protected":false},"excerpt":{"rendered":"<p>G\u0131da Takviye Kutusu Medikal \u00dcr\u00fcn Kutusu Kozmetik Kutusu Peynir Kutusu Parf\u00fcm Kutusu [&hellip;]<\/p>\n","protected":false},"author":1,"featured_media":0,"parent":2512,"menu_order":0,"comment_status":"closed","ping_status":"closed","template":"","meta":{"footnotes":""},"class_list":["post-11691","page","type-page","status-publish","hentry"],"_links":{"self":[{"href":"https:\/\/www.istpack.com\/fr\/wp-json\/wp\/v2\/pages\/11691","targetHints":{"allow":["GET"]}}],"collection":[{"href":"https:\/\/www.istpack.com\/fr\/wp-json\/wp\/v2\/pages"}],"about":[{"href":"https:\/\/www.istpack.com\/fr\/wp-json\/wp\/v2\/types\/page"}],"author":[{"embeddable":true,"href":"https:\/\/www.istpack.com\/fr\/wp-json\/wp\/v2\/users\/1"}],"replies":[{"embeddable":true,"href":"https:\/\/www.istpack.com\/fr\/wp-json\/wp\/v2\/comments?post=11691"}],"version-history":[{"count":25,"href":"https:\/\/www.istpack.com\/fr\/wp-json\/wp\/v2\/pages\/11691\/revisions"}],"predecessor-version":[{"id":12321,"href":"https:\/\/www.istpack.com\/fr\/wp-json\/wp\/v2\/pages\/11691\/revisions\/12321"}],"up":[{"embeddable":true,"href":"https:\/\/www.istpack.com\/fr\/wp-json\/wp\/v2\/pages\/2512"}],"wp:attachment":[{"href":"https:\/\/www.istpack.com\/fr\/wp-json\/wp\/v2\/media?parent=11691"}],"curies":[{"name":"wp","href":"https:\/\/api.w.org\/{rel}","templated":true}]}}